{"id":2092,"date":"2025-06-26T23:52:14","date_gmt":"2025-06-26T20:52:14","guid":{"rendered":"https:\/\/rkeeper.us\/?page_id=2092"},"modified":"2025-07-22T12:08:59","modified_gmt":"2025-07-22T09:08:59","slug":"self-servis-kiosklarimiz","status":"publish","type":"page","link":"https:\/\/rkeeper.tr\/?page_id=2092","title":{"rendered":"Self servis kiosklar\u0131m\u0131z"},"content":{"rendered":"\t\t<div data-elementor-type=\"wp-page\" data-elementor-id=\"2092\" class=\"elementor elementor-2092 elementor-1787\" data-elementor-post-type=\"page\">\n\t\t\t\t<div class=\"elementor-element elementor-element-45a7e7ff e-flex e-con-boxed e-con e-parent\" data-id=\"45a7e7ff\" data-element_type=\"container\" data-e-type=\"container\">\n\t\t\t\t\t<div class=\"e-con-inner\">\n\t\t\t\t<div class=\"elementor-element elementor-element-7639dded elementor-widget elementor-widget-heading\" data-id=\"7639dded\" data-element_type=\"widget\" data-e-type=\"widget\" data-widget_type=\"heading.default\">\n\t\t\t\t<div class=\"elementor-widget-container\">\n\t\t\t\t\t<h3 class=\"elementor-heading-title elementor-size-default\">Self servis kiosklar\u0131m\u0131z<\/h3>\t\t\t\t<\/div>\n\t\t\t\t<\/div>\n\t\t\t\t<div class=\"elementor-element elementor-element-60686d3 elementor-widget elementor-widget-text-editor\" data-id=\"60686d3\" data-element_type=\"widget\" data-e-type=\"widget\" data-widget_type=\"text-editor.default\">\n\t\t\t\t<div class=\"elementor-widget-container\">\n\t\t\t\t\t\t\t\t\t<h2 id=\"Empower-your-fast-food-experience-with-r_keeper-kiosks-1\"><strong>r_keeper kiosklar\u0131yla h\u0131zl\u0131 yemek deneyiminizi g\u00fc\u00e7lendirin<\/strong><\/h2><figure class=\"image image-style-align-left image_resized\"><img fetchpriority=\"high\" decoding=\"async\" class=\"alignright\" src=\"https:\/\/img.perfectwiki.xyz\/insecure\/resize:fit:400\/aHR0cHM6Ly9zdG9yYWdlLmdvb2dsZWFwaXMuY29tL3BlcmZlY3Rfd2lraS9jMThmZTZmNy03MTRiLTQxMzItYmI1NC0zNTY0ODc3NWVkMGMvY1NJdzZ0a3l0OFU2UTIxZUlGQk4vJUQwJUI4JUQwJUI3JUQwJUJFJUQwJUIxJUQxJTgwJUQwJUIwJUQwJUI2JUQwJUI1JUQwJUJEJUQwJUI4JUQwJUI1X2Q2NTk2NWQzLTFkNDUtNDYyOC05ZTkxLWJlOGUxYzc1ODBhMy5wbmc.webp\" sizes=\"100vw\" srcset=\"https:\/\/img.perfectwiki.xyz\/insecure\/resize:fit:400\/aHR0cHM6Ly9zdG9yYWdlLmdvb2dsZWFwaXMuY29tL3BlcmZlY3Rfd2lraS9jMThmZTZmNy03MTRiLTQxMzItYmI1NC0zNTY0ODc3NWVkMGMvY1NJdzZ0a3l0OFU2UTIxZUlGQk4vJUQwJUI4JUQwJUI3JUQwJUJFJUQwJUIxJUQxJTgwJUQwJUIwJUQwJUI2JUQwJUI1JUQwJUJEJUQwJUI4JUQwJUI1X2Q2NTk2NWQzLTFkNDUtNDYyOC05ZTkxLWJlOGUxYzc1ODBhMy5wbmc.webp 400w, https:\/\/img.perfectwiki.xyz\/insecure\/resize:fit:800\/aHR0cHM6Ly9zdG9yYWdlLmdvb2dsZWFwaXMuY29tL3BlcmZlY3Rfd2lraS9jMThmZTZmNy03MTRiLTQxMzItYmI1NC0zNTY0ODc3NWVkMGMvY1NJdzZ0a3l0OFU2UTIxZUlGQk4vJUQwJUI4JUQwJUI3JUQwJUJFJUQwJUIxJUQxJTgwJUQwJUIwJUQwJUI2JUQwJUI1JUQwJUJEJUQwJUI4JUQwJUI1X2Q2NTk2NWQzLTFkNDUtNDYyOC05ZTkxLWJlOGUxYzc1ODBhMy5wbmc.webp 800w, https:\/\/img.perfectwiki.xyz\/insecure\/resize:fit:1200\/aHR0cHM6Ly9zdG9yYWdlLmdvb2dsZWFwaXMuY29tL3BlcmZlY3Rfd2lraS9jMThmZTZmNy03MTRiLTQxMzItYmI1NC0zNTY0ODc3NWVkMGMvY1NJdzZ0a3l0OFU2UTIxZUlGQk4vJUQwJUI4JUQwJUI3JUQwJUJFJUQwJUIxJUQxJTgwJUQwJUIwJUQwJUI2JUQwJUI1JUQwJUJEJUQwJUI4JUQwJUI1X2Q2NTk2NWQzLTFkNDUtNDYyOC05ZTkxLWJlOGUxYzc1ODBhMy5wbmc.webp 1200w, https:\/\/img.perfectwiki.xyz\/insecure\/aHR0cHM6Ly9zdG9yYWdlLmdvb2dsZWFwaXMuY29tL3BlcmZlY3Rfd2lraS9jMThmZTZmNy03MTRiLTQxMzItYmI1NC0zNTY0ODc3NWVkMGMvY1NJdzZ0a3l0OFU2UTIxZUlGQk4vJUQwJUI4JUQwJUI3JUQwJUJFJUQwJUIxJUQxJTgwJUQwJUIwJUQwJUI2JUQwJUI1JUQwJUJEJUQwJUI4JUQwJUI1X2Q2NTk2NWQzLTFkNDUtNDYyOC05ZTkxLWJlOGUxYzc1ODBhMy5wbmc.webp 1400w\" alt=\"\u00fcr\u00fcnler \/ 1 Self servis kiosklar \u2705  \" width=\"428\" height=\"426\"><\/figure><h3 id=\"Quick.-Efficient.-User-Friendly.-2\"><strong>H\u0131zl\u0131. Verimli. Kullan\u0131c\u0131 Dostu.  <\/strong><\/h3><p>H\u0131zl\u0131, verimli ve son derece kullan\u0131c\u0131 dostu olan kiosklar\u0131m\u0131z, m\u00fc\u015fterilerinizin istedikleri zaman sipari\u015f vermelerini sa\u011flayarak bekleme s\u00fcrelerini azalt\u0131r ve memnuniyeti art\u0131r\u0131r. Teknolojinin lezzetle bulu\u015ftu\u011fu yemek yemenin gelece\u011fine dal\u0131n. Restoran\u0131n\u0131z\u0131n verimlili\u011fini art\u0131r\u0131n ve <strong>r_keeper<\/strong> ile i\u015finizin b\u00fcy\u00fcmesini izleyin. Hizmetinizi d\u00f6n\u00fc\u015ft\u00fcrmek i\u00e7in bug\u00fcn ileti\u015fime ge\u00e7in!   <\/p><ul><li>\u201cBekleme S\u00fcrelerini Azalt\u0131n\u201d<\/li><li>\u201cM\u00fc\u015fteri Memnuniyetini Art\u0131r\u0131n\u201d<\/li><li>\u201cSipari\u015f Do\u011frulu\u011funu Art\u0131r\u0131n\u201d<\/li><li>\u201cEk Sat\u0131\u015f ve \u00c7apraz Sat\u0131\u015f ile Sat\u0131\u015flar\u0131 Art\u0131r\u0131n\u201d<\/li><\/ul><h2 id=\"How-R-Keeper-Kiosks-Work-1\"><strong>r-keeper kiosklar\u0131 nas\u0131l \u00e7al\u0131\u015f\u0131r<\/strong><\/h2><ul><li>\u201cKolay Kurulum\u201d<\/li><li>\u201cSorunsuz Sipari\u015f Verme\u201d<\/li><li>\u201cAn\u0131nda \u00d6deme \u0130\u015fleme\u201d<\/li><li>\u201cH\u0131zl\u0131 Sipari\u015f Teslimi\u201d<\/li><\/ul><h2><strong>R-keeper kiosklar\u0131n\u0131n faydalar\u0131<\/strong><\/h2><p><strong style=\"letter-spacing: 0px; word-spacing: 0em; background-color: transparent;\">&#8220;Operasyonlar\u0131n\u0131z\u0131 Kolayla\u015ft\u0131r\u0131n&#8221; <\/strong><span style=\"letter-spacing: 0px; word-spacing: 0em; background-color: transparent;\">fast-food restoranlar\u0131n\u0131n g\u00fcnl\u00fck i\u015f ak\u0131\u015flar\u0131n\u0131 ve m\u00fc\u015fteri etkile\u015fimlerini y\u00f6netme bi\u00e7iminde devrim yaratmakla ilgilidir. <\/span><span style=\"letter-spacing: 0px; word-spacing: 0em; background-color: transparent;\">Bu yakla\u015f\u0131m, restoran\u0131n\u0131z\u0131 daha verimli hale getirmek i\u00e7in ileri teknolojiden yararlan\u0131r ve rutin g\u00f6revler i\u00e7in harcanan zaman\u0131 ve \u00e7abay\u0131 azalt\u0131r.<\/span><\/p><p><strong style=\"background-color: transparent; letter-spacing: 0px; word-spacing: 0em;\">Daha H\u0131zl\u0131 Sipari\u015f S\u00fcreci:<\/strong><span style=\"background-color: transparent; letter-spacing: 0px; word-spacing: 0em;\"> M\u00fc\u015fteriler, sezgisel dokunmatik ekran aray\u00fczleri arac\u0131l\u0131\u011f\u0131yla sipari\u015flerini h\u0131zl\u0131 bir \u015fekilde verebilir, kuyruk s\u00fcrelerini k\u0131saltabilir ve yo\u011fun saatlerde personeliniz \u00fczerindeki bask\u0131y\u0131 en aza indirebilir.<\/span><\/p><p><strong style=\"background-color: transparent; letter-spacing: 0px; word-spacing: 0em;\">Geli\u015ftirilmi\u015f Sipari\u015f Do\u011frulu\u011fu:<\/strong><span style=\"background-color: transparent; letter-spacing: 0px; word-spacing: 0em;\">  Self-servis kiosklar sayesinde m\u00fc\u015fteriler sipari\u015flerini tam olarak istedikleri \u015fekilde ki\u015fiselle\u015ftirme kontrol\u00fcne sahip olurlar, bu da geleneksel sipari\u015f y\u00f6ntemlerinde meydana gelebilecek hata olas\u0131l\u0131\u011f\u0131n\u0131 \u00f6nemli \u00f6l\u00e7\u00fcde azalt\u0131r. Bu do\u011fruluk, m\u00fc\u015fterilerin tam olarak sipari\u015f ettikleri \u015feyi almalar\u0131n\u0131 sa\u011flayarak memnuniyeti art\u0131r\u0131r ve israf\u0131 azalt\u0131r. <\/span><\/p><p><strong style=\"background-color: transparent; letter-spacing: 0px; word-spacing: 0em;\">Etkin Personel Tahsisi:<\/strong><span style=\"background-color: transparent; letter-spacing: 0px; word-spacing: 0em;\">  Sipari\u015f alma s\u00fcrecini otomatikle\u015ftirerek, personelinizi yemek haz\u0131rlama ve m\u00fc\u015fteri hizmetleri gibi di\u011fer kritik alanlara odaklanmalar\u0131 i\u00e7in yeniden g\u00f6revlendirebilirsiniz. Bu optimize edilmi\u015f insan kaynaklar\u0131 tahsisi, operasyonlar\u0131n\u0131z\u0131n sorunsuz bir \u015fekilde y\u00fcr\u00fct\u00fclmesini sa\u011flayarak restoran\u0131n\u0131z\u0131n genel verimlili\u011fini art\u0131r\u0131r. <\/span><\/p><p><img decoding=\"async\" class=\"alignleft\" style=\"margin: 8px 8px 0px;\" src=\"https:\/\/img.perfectwiki.xyz\/insecure\/resize:fit:400\/aHR0cHM6Ly9zdG9yYWdlLmdvb2dsZWFwaXMuY29tL3BlcmZlY3Rfd2lraS9jMThmZTZmNy03MTRiLTQxMzItYmI1NC0zNTY0ODc3NWVkMGMvY1NJdzZ0a3l0OFU2UTIxZUlGQk4vJUQwJUI4JUQwJUI3JUQwJUJFJUQwJUIxJUQxJTgwJUQwJUIwJUQwJUI2JUQwJUI1JUQwJUJEJUQwJUI4JUQwJUI1XzI4MzhjZjMwLTdiYTAtNDI4OC04NWE5LWUyYTNjZjM0M2EzMi5wbmc.webp\" sizes=\"100vw\" srcset=\"https:\/\/img.perfectwiki.xyz\/insecure\/resize:fit:400\/aHR0cHM6Ly9zdG9yYWdlLmdvb2dsZWFwaXMuY29tL3BlcmZlY3Rfd2lraS9jMThmZTZmNy03MTRiLTQxMzItYmI1NC0zNTY0ODc3NWVkMGMvY1NJdzZ0a3l0OFU2UTIxZUlGQk4vJUQwJUI4JUQwJUI3JUQwJUJFJUQwJUIxJUQxJTgwJUQwJUIwJUQwJUI2JUQwJUI1JUQwJUJEJUQwJUI4JUQwJUI1XzI4MzhjZjMwLTdiYTAtNDI4OC04NWE5LWUyYTNjZjM0M2EzMi5wbmc.webp 400w, https:\/\/img.perfectwiki.xyz\/insecure\/resize:fit:800\/aHR0cHM6Ly9zdG9yYWdlLmdvb2dsZWFwaXMuY29tL3BlcmZlY3Rfd2lraS9jMThmZTZmNy03MTRiLTQxMzItYmI1NC0zNTY0ODc3NWVkMGMvY1NJdzZ0a3l0OFU2UTIxZUlGQk4vJUQwJUI4JUQwJUI3JUQwJUJFJUQwJUIxJUQxJTgwJUQwJUIwJUQwJUI2JUQwJUI1JUQwJUJEJUQwJUI4JUQwJUI1XzI4MzhjZjMwLTdiYTAtNDI4OC04NWE5LWUyYTNjZjM0M2EzMi5wbmc.webp 800w, https:\/\/img.perfectwiki.xyz\/insecure\/resize:fit:1200\/aHR0cHM6Ly9zdG9yYWdlLmdvb2dsZWFwaXMuY29tL3BlcmZlY3Rfd2lraS9jMThmZTZmNy03MTRiLTQxMzItYmI1NC0zNTY0ODc3NWVkMGMvY1NJdzZ0a3l0OFU2UTIxZUlGQk4vJUQwJUI4JUQwJUI3JUQwJUJFJUQwJUIxJUQxJTgwJUQwJUIwJUQwJUI2JUQwJUI1JUQwJUJEJUQwJUI4JUQwJUI1XzI4MzhjZjMwLTdiYTAtNDI4OC04NWE5LWUyYTNjZjM0M2EzMi5wbmc.webp 1200w, https:\/\/img.perfectwiki.xyz\/insecure\/aHR0cHM6Ly9zdG9yYWdlLmdvb2dsZWFwaXMuY29tL3BlcmZlY3Rfd2lraS9jMThmZTZmNy03MTRiLTQxMzItYmI1NC0zNTY0ODc3NWVkMGMvY1NJdzZ0a3l0OFU2UTIxZUlGQk4vJUQwJUI4JUQwJUI3JUQwJUJFJUQwJUIxJUQxJTgwJUQwJUIwJUQwJUI2JUQwJUI1JUQwJUJEJUQwJUI4JUQwJUI1XzI4MzhjZjMwLTdiYTAtNDI4OC04NWE5LWUyYTNjZjM0M2EzMi5wbmc.webp 1400w\" alt=\"\u00fcr\u00fcnler \/ 1 Self servis kiosklar \u2705  \" width=\"485\" height=\"324\"><\/p><p><strong style=\"background-color: transparent; letter-spacing: 0px; word-spacing: 0em;\">Veriye Dayal\u0131 \u0130\u00e7g\u00f6r\u00fcler:<\/strong><span style=\"background-color: transparent; letter-spacing: 0px; word-spacing: 0em;\">  R-Keeper kiosklar\u0131 m\u00fc\u015fteri tercihleri ve sipari\u015f kal\u0131plar\u0131 hakk\u0131nda de\u011ferli veriler toplar. Bu bilgiler analiz edilerek men\u00fc ayarlamalar\u0131, promosyon stratejileri ve yo\u011fun saatlerde personel istihdam\u0131 hakk\u0131nda bilin\u00e7li kararlar al\u0131nabilir, operasyonlar daha da kolayla\u015ft\u0131r\u0131labilir ve yemek deneyimi m\u00fc\u015fterilerinizin zevklerine g\u00f6re uyarlanabilir. <\/span><\/p><p><strong style=\"background-color: transparent; letter-spacing: 0px; word-spacing: 0em;\">&#8220;M\u00fc\u015fterilerinizi G\u00fc\u00e7lendirin&#8221;  <\/strong><span style=\"background-color: transparent; letter-spacing: 0px; word-spacing: 0em;\">m\u00fc\u015fterilere fast-food restoran\u0131n\u0131zdaki yemek deneyimleri \u00fczerinde kontrol sa\u011flar. Bu kiosklar sezgisel ve etkile\u015fimli bir sipari\u015f s\u00fcreci sunarak m\u00fc\u015fterilerin men\u00fcye kendi h\u0131zlar\u0131nda g\u00f6z atmalar\u0131na, sipari\u015flerini tam tercihlerine g\u00f6re \u00f6zelle\u015ftirmelerine ve hatta yeni \u00fcr\u00fcnleri veya promosyonlar\u0131 ke\u015ffetmelerine olanak tan\u0131r. Bu kendi kendini y\u00f6neten yakla\u015f\u0131m, m\u00fc\u015fterilere se\u00e7enek ve esneklik sa\u011flayarak m\u00fc\u015fteri memnuniyetini art\u0131rmakla kalmaz, ayn\u0131 zamanda onlar\u0131 modern, teknoloji merakl\u0131s\u0131 bir yemek deneyimine dahil eder. M\u00fc\u015fterilerinizi bu \u015fekilde g\u00fc\u00e7lendirmek, \u00fcst sat\u0131\u015f f\u0131rsatlar\u0131 ve daha ki\u015fiselle\u015ftirilmi\u015f bir hizmet yoluyla sipari\u015f de\u011ferinin artmas\u0131na yol a\u00e7arak m\u00fc\u015fteri sadakatine ve i\u015flerin tekrarlanmas\u0131na katk\u0131da bulunabilir.   <\/span><\/p><p><strong style=\"background-color: transparent; letter-spacing: 0px; word-spacing: 0em;\">&#8220;Sonu\u00e7lar\u0131n\u0131z\u0131 \u0130yile\u015ftirin&#8221;  <\/strong><span style=\"background-color: transparent; letter-spacing: 0px; word-spacing: 0em;\">fast-food restoran\u0131n\u0131z\u0131n k\u00e2rl\u0131l\u0131\u011f\u0131n\u0131 do\u011frudan etkilemek i\u00e7in teknolojiden yararlan\u0131yor. \u0130\u015fte bu kiosklar\u0131 entegre etmenin gelir art\u0131\u015f\u0131n\u0131 nas\u0131l sa\u011flayabilece\u011fi: <\/span><\/p><p><strong style=\"background-color: transparent; letter-spacing: 0px; word-spacing: 0em;\">\u00dcst Sat\u0131\u015f ve \u00c7apraz Sat\u0131\u015f:<\/strong><span style=\"background-color: transparent; letter-spacing: 0px; word-spacing: 0em;\">  Kiosklar, sipari\u015f noktas\u0131nda otomatik olarak eklentiler veya y\u00fckseltmeler \u00f6nerebilir ve m\u00fc\u015fterileri ek sat\u0131n al\u0131mlar yapmaya te\u015fvik edebilir. \u00d6rne\u011fin, hamburgerle birlikte bir i\u00e7ecek \u00f6nermek veya ana yemekle birlikte sat\u0131n al\u0131nd\u0131\u011f\u0131nda indirimli fiyattan bir yan yemek sunmak gibi. Bu sadece ortalama sipari\u015f de\u011ferini art\u0131rmakla kalmaz, ayn\u0131 zamanda bunu bir insan sat\u0131\u015f\u0131n\u0131n alg\u0131lanan zorlay\u0131c\u0131l\u0131\u011f\u0131 olmadan yapar.  <\/span><\/p><p><strong style=\"background-color: transparent; letter-spacing: 0px; word-spacing: 0em;\">Azalt\u0131lm\u0131\u015f \u0130\u015f\u00e7ilik Maliyetleri:<\/strong><span style=\"background-color: transparent; letter-spacing: 0px; word-spacing: 0em;\">  Sipari\u015f s\u00fcrecini otomatikle\u015ftirerek, personeli daha kritik operasyon alanlar\u0131na yeniden tahsis edebilir veya daha az yo\u011fun d\u00f6nemlerde gereken personel say\u0131s\u0131n\u0131 azaltabilirsiniz. Bu optimizasyon, restoran sekt\u00f6r\u00fcndeki en \u00f6nemli giderlerden biri olan i\u015f\u00e7ilik maliyetlerinde \u00f6nemli tasarruflar sa\u011flayabilir. <\/span><\/p><p><strong>Artan Verim:<\/strong> Self-servis kiosklar ayn\u0131 anda birden fazla sipari\u015fi i\u015fleyebilir ve s\u00fcrekli \u00e7al\u0131\u015farak \u00f6zellikle yo\u011fun zamanlarda daha y\u00fcksek bir m\u00fc\u015fteri hacmine yol a\u00e7abilir. Bu verimlilik, daha k\u0131sa s\u00fcrede daha fazla sat\u0131\u015f\u0131n i\u015flenebilece\u011fi anlam\u0131na gelir ve gelir potansiyelini do\u011frudan art\u0131r\u0131r. <\/p>\t\t\t\t\t\t\t\t<\/div>\n\t\t\t\t<\/div>\n\t\t\t\t<div class=\"elementor-element elementor-element-4800aad5 elementor-align-center elementor-mobile-align-center elementor-widget elementor-widget-button\" data-id=\"4800aad5\" data-element_type=\"widget\" data-e-type=\"widget\" data-widget_type=\"button.default\">\n\t\t\t\t<div class=\"elementor-widget-container\">\n\t\t\t\t\t\t\t\t\t<div class=\"elementor-button-wrapper\">\n\t\t\t\t\t<a class=\"elementor-button elementor-button-link elementor-size-sm\" href=\"http:\/\/rkeeper.tr\/?page_id=256\">\n\t\t\t\t\t\t<span class=\"elementor-button-content-wrapper\">\n\t\t\t\t\t\t\t\t\t<span class=\"elementor-button-text\">Bize Ula\u015f\u0131n<\/span>\n\t\t\t\t\t<\/span>\n\t\t\t\t\t<\/a>\n\t\t\t\t<\/div>\n\t\t\t\t\t\t\t\t<\/div>\n\t\t\t\t<\/div>\n\t\t\t\t\t<\/div>\n\t\t\t\t<\/div>\n\t\t\t\t<\/div>\n\t\t","protected":false},"excerpt":{"rendered":"<p>Self servis kiosklar\u0131m\u0131z r_keeper kiosklar\u0131yla h\u0131zl\u0131 yemek deneyiminizi g\u00fc\u00e7lendirin H\u0131zl\u0131. Verimli. Kullan\u0131c\u0131 Dostu. H\u0131zl\u0131, verimli ve son derece kullan\u0131c\u0131 dostu olan kiosklar\u0131m\u0131z, m\u00fc\u015fterilerinizin istedikleri zaman sipari\u015f vermelerini sa\u011flayarak bekleme s\u00fcrelerini azalt\u0131r ve memnuniyeti art\u0131r\u0131r. Teknolojinin lezzetle bulu\u015ftu\u011fu yemek yemenin gelece\u011fine dal\u0131n. Restoran\u0131n\u0131z\u0131n verimlili\u011fini art\u0131r\u0131n ve r_keeper ile i\u015finizin b\u00fcy\u00fcmesini izleyin. Hizmetinizi d\u00f6n\u00fc\u015ft\u00fcrmek i\u00e7in bug\u00fcn ileti\u015fime [&hellip;]<\/p>\n","protected":false},"author":1,"featured_media":0,"parent":0,"menu_order":0,"comment_status":"closed","ping_status":"closed","template":"elementor_header_footer","meta":{"footnotes":""},"class_list":["post-2092","page","type-page","status-publish","hentry"],"_links":{"self":[{"href":"https:\/\/rkeeper.tr\/index.php?rest_route=\/wp\/v2\/pages\/2092","targetHints":{"allow":["GET"]}}],"collection":[{"href":"https:\/\/rkeeper.tr\/index.php?rest_route=\/wp\/v2\/pages"}],"about":[{"href":"https:\/\/rkeeper.tr\/index.php?rest_route=\/wp\/v2\/types\/page"}],"author":[{"embeddable":true,"href":"https:\/\/rkeeper.tr\/index.php?rest_route=\/wp\/v2\/users\/1"}],"replies":[{"embeddable":true,"href":"https:\/\/rkeeper.tr\/index.php?rest_route=%2Fwp%2Fv2%2Fcomments&post=2092"}],"version-history":[{"count":4,"href":"https:\/\/rkeeper.tr\/index.php?rest_route=\/wp\/v2\/pages\/2092\/revisions"}],"predecessor-version":[{"id":3701,"href":"https:\/\/rkeeper.tr\/index.php?rest_route=\/wp\/v2\/pages\/2092\/revisions\/3701"}],"wp:attachment":[{"href":"https:\/\/rkeeper.tr\/index.php?rest_route=%2Fwp%2Fv2%2Fmedia&parent=2092"}],"curies":[{"name":"wp","href":"https:\/\/api.w.org\/{rel}","templated":true}]}}