{"id":2094,"date":"2025-06-27T13:23:18","date_gmt":"2025-06-27T10:23:18","guid":{"rendered":"https:\/\/rkeeper.us\/?page_id=2094"},"modified":"2025-07-22T11:53:42","modified_gmt":"2025-07-22T08:53:42","slug":"tikla-topla-sistemi","status":"publish","type":"page","link":"https:\/\/rkeeper.tr\/?page_id=2094","title":{"rendered":"T\u0131kla &amp; topla sistemi"},"content":{"rendered":"\t\t<div data-elementor-type=\"wp-page\" data-elementor-id=\"2094\" class=\"elementor elementor-2094 elementor-1937\" data-elementor-post-type=\"page\">\n\t\t\t\t<div class=\"elementor-element elementor-element-27df4ed7 e-flex e-con-boxed e-con e-parent\" data-id=\"27df4ed7\" data-element_type=\"container\" data-e-type=\"container\">\n\t\t\t\t\t<div class=\"e-con-inner\">\n\t\t\t\t<div class=\"elementor-element elementor-element-8e622fb elementor-widget elementor-widget-heading\" data-id=\"8e622fb\" data-element_type=\"widget\" data-e-type=\"widget\" data-widget_type=\"heading.default\">\n\t\t\t\t<div class=\"elementor-widget-container\">\n\t\t\t\t\t<h3 class=\"elementor-heading-title elementor-size-default\">T\u0131kla &amp; topla sistemi<\/h3>\t\t\t\t<\/div>\n\t\t\t\t<\/div>\n\t\t\t\t<div class=\"elementor-element elementor-element-17833098 elementor-widget elementor-widget-text-editor\" data-id=\"17833098\" data-element_type=\"widget\" data-e-type=\"widget\" data-widget_type=\"text-editor.default\">\n\t\t\t\t<div class=\"elementor-widget-container\">\n\t\t\t\t\t\t\t\t\t<h3 id=\"Simplify-Your-Pickup-Orders-with-Click-and-Collect-2\"><strong>T\u0131kla ve Al ile Teslim Alma Sipari\u015flerinizi Kolayla\u015ft\u0131r\u0131n<\/strong><\/h3><h3 id=\"Seamless-Integration-for-Smoother-Operations-2\">Daha Sorunsuz Operasyonlar i\u00e7in Sorunsuz Entegrasyon<\/h3><p>Uzun kuyruklara ve sipari\u015f karma\u015fas\u0131na elveda deyin. <strong>T\u0131kla<\/strong> ve Al ile siz mutfa\u011f\u0131n\u0131z\u0131 ve personelinizin i\u015f ak\u0131\u015f\u0131n\u0131 kolayla\u015ft\u0131r\u0131rken, m\u00fc\u015fterileriniz \u00f6nceden sipari\u015f verebilir ve istedikleri zaman teslim alabilirler. <\/p><p>Kurulumu kolay, kullan\u0131m\u0131 sorunsuz ve hem sat\u0131\u015flar\u0131 hem de memnuniyeti art\u0131rmak i\u00e7in \u00fcretilmi\u015ftir.<\/p><p>H\u0131zl\u0131. Esnek. Gelece\u011fe Haz\u0131r.  <\/p><p><img fetchpriority=\"high\" decoding=\"async\" class=\"alignright\" src=\"https:\/\/img.perfectwiki.xyz\/insecure\/resize:fit:400\/aHR0cHM6Ly9zdG9yYWdlLmdvb2dsZWFwaXMuY29tL3BlcmZlY3Rfd2lraS9jMThmZTZmNy03MTRiLTQxMzItYmI1NC0zNTY0ODc3NWVkMGMvQ2FWOVIwbzVwdkdmamtpRHJ5cjUvJUQwJUI4JUQwJUI3JUQwJUJFJUQwJUIxJUQxJTgwJUQwJUIwJUQwJUI2JUQwJUI1JUQwJUJEJUQwJUI4JUQwJUI1Xzk5ZDUwNTAyLWUxNzMtNGIwZS1hMjU5LTg4YTQ0ZGQyMzA5NC5wbmc.webp\" sizes=\"100vw\" srcset=\"https:\/\/img.perfectwiki.xyz\/insecure\/resize:fit:400\/aHR0cHM6Ly9zdG9yYWdlLmdvb2dsZWFwaXMuY29tL3BlcmZlY3Rfd2lraS9jMThmZTZmNy03MTRiLTQxMzItYmI1NC0zNTY0ODc3NWVkMGMvQ2FWOVIwbzVwdkdmamtpRHJ5cjUvJUQwJUI4JUQwJUI3JUQwJUJFJUQwJUIxJUQxJTgwJUQwJUIwJUQwJUI2JUQwJUI1JUQwJUJEJUQwJUI4JUQwJUI1Xzk5ZDUwNTAyLWUxNzMtNGIwZS1hMjU5LTg4YTQ0ZGQyMzA5NC5wbmc.webp 400w, https:\/\/img.perfectwiki.xyz\/insecure\/resize:fit:800\/aHR0cHM6Ly9zdG9yYWdlLmdvb2dsZWFwaXMuY29tL3BlcmZlY3Rfd2lraS9jMThmZTZmNy03MTRiLTQxMzItYmI1NC0zNTY0ODc3NWVkMGMvQ2FWOVIwbzVwdkdmamtpRHJ5cjUvJUQwJUI4JUQwJUI3JUQwJUJFJUQwJUIxJUQxJTgwJUQwJUIwJUQwJUI2JUQwJUI1JUQwJUJEJUQwJUI4JUQwJUI1Xzk5ZDUwNTAyLWUxNzMtNGIwZS1hMjU5LTg4YTQ0ZGQyMzA5NC5wbmc.webp 800w, https:\/\/img.perfectwiki.xyz\/insecure\/resize:fit:1200\/aHR0cHM6Ly9zdG9yYWdlLmdvb2dsZWFwaXMuY29tL3BlcmZlY3Rfd2lraS9jMThmZTZmNy03MTRiLTQxMzItYmI1NC0zNTY0ODc3NWVkMGMvQ2FWOVIwbzVwdkdmamtpRHJ5cjUvJUQwJUI4JUQwJUI3JUQwJUJFJUQwJUIxJUQxJTgwJUQwJUIwJUQwJUI2JUQwJUI1JUQwJUJEJUQwJUI4JUQwJUI1Xzk5ZDUwNTAyLWUxNzMtNGIwZS1hMjU5LTg4YTQ0ZGQyMzA5NC5wbmc.webp 1200w, https:\/\/img.perfectwiki.xyz\/insecure\/aHR0cHM6Ly9zdG9yYWdlLmdvb2dsZWFwaXMuY29tL3BlcmZlY3Rfd2lraS9jMThmZTZmNy03MTRiLTQxMzItYmI1NC0zNTY0ODc3NWVkMGMvQ2FWOVIwbzVwdkdmamtpRHJ5cjUvJUQwJUI4JUQwJUI3JUQwJUJFJUQwJUIxJUQxJTgwJUQwJUIwJUQwJUI2JUQwJUI1JUQwJUJEJUQwJUI4JUQwJUI1Xzk5ZDUwNTAyLWUxNzMtNGIwZS1hMjU5LTg4YTQ0ZGQyMzA5NC5wbmc.webp 1400w\" alt=\"\u00fcr\u00fcnler \/ 2 T\u0131kla ve topla\" width=\"386\" height=\"259\"><\/p><h3 id=\"Benefits-of-Click-and-Collect-2\"><strong>T\u0131kla ve topla hizmetinin faydalar\u0131<\/strong><\/h3><ul><li><strong>Artan Sipari\u015f Hacmi<\/strong><br>M\u00fc\u015fterilerinizin yo\u011fun saatlerde bile istedikleri zaman teslim alma sipari\u015fi vermelerine izin verin. Daha fazla sipari\u015f, daha az trafik s\u0131k\u0131\u015f\u0131kl\u0131\u011f\u0131. <\/li><li><strong>Geli\u015ftirilmi\u015f M\u00fc\u015fteri Memnuniyeti<\/strong><br>Beklemek yok. \u0130leti\u015fimsizlik yok. Sadece sorunsuz, h\u0131zl\u0131, do\u011fru hizmet.  <\/li><li><strong>Azalt\u0131lm\u0131\u015f Bekleme S\u00fcreleri<\/strong><br>Teslim alma yuvalar\u0131 ve ger\u00e7ek zamanl\u0131 g\u00fcncellemeler ile m\u00fc\u015fteriler tam olarak ne zaman geleceklerini ve gideceklerini bilirler.<\/li><\/ul><h2 id=\"How-It-Works-1\"><strong>Nas\u0131l \u00e7al\u0131\u015f\u0131r<\/strong><\/h2><h3 id=\"Benefits-of-Click-and-Collect-2\"><img decoding=\"async\" class=\"alignleft\" style=\"font-size: 16px;\" src=\"https:\/\/img.perfectwiki.xyz\/insecure\/resize:fit:400\/aHR0cHM6Ly9zdG9yYWdlLmdvb2dsZWFwaXMuY29tL3BlcmZlY3Rfd2lraS9jMThmZTZmNy03MTRiLTQxMzItYmI1NC0zNTY0ODc3NWVkMGMvQ2FWOVIwbzVwdkdmamtpRHJ5cjUvJUQwJUI4JUQwJUI3JUQwJUJFJUQwJUIxJUQxJTgwJUQwJUIwJUQwJUI2JUQwJUI1JUQwJUJEJUQwJUI4JUQwJUI1Xzc0MjFiOGVhLWI1Y2MtNDc5ZC1iZDQ5LTUwODc3OGQ0YTVlYi5wbmc.webp\" sizes=\"100vw\" srcset=\"https:\/\/img.perfectwiki.xyz\/insecure\/resize:fit:400\/aHR0cHM6Ly9zdG9yYWdlLmdvb2dsZWFwaXMuY29tL3BlcmZlY3Rfd2lraS9jMThmZTZmNy03MTRiLTQxMzItYmI1NC0zNTY0ODc3NWVkMGMvQ2FWOVIwbzVwdkdmamtpRHJ5cjUvJUQwJUI4JUQwJUI3JUQwJUJFJUQwJUIxJUQxJTgwJUQwJUIwJUQwJUI2JUQwJUI1JUQwJUJEJUQwJUI4JUQwJUI1Xzc0MjFiOGVhLWI1Y2MtNDc5ZC1iZDQ5LTUwODc3OGQ0YTVlYi5wbmc.webp 400w, https:\/\/img.perfectwiki.xyz\/insecure\/resize:fit:800\/aHR0cHM6Ly9zdG9yYWdlLmdvb2dsZWFwaXMuY29tL3BlcmZlY3Rfd2lraS9jMThmZTZmNy03MTRiLTQxMzItYmI1NC0zNTY0ODc3NWVkMGMvQ2FWOVIwbzVwdkdmamtpRHJ5cjUvJUQwJUI4JUQwJUI3JUQwJUJFJUQwJUIxJUQxJTgwJUQwJUIwJUQwJUI2JUQwJUI1JUQwJUJEJUQwJUI4JUQwJUI1Xzc0MjFiOGVhLWI1Y2MtNDc5ZC1iZDQ5LTUwODc3OGQ0YTVlYi5wbmc.webp 800w, https:\/\/img.perfectwiki.xyz\/insecure\/resize:fit:1200\/aHR0cHM6Ly9zdG9yYWdlLmdvb2dsZWFwaXMuY29tL3BlcmZlY3Rfd2lraS9jMThmZTZmNy03MTRiLTQxMzItYmI1NC0zNTY0ODc3NWVkMGMvQ2FWOVIwbzVwdkdmamtpRHJ5cjUvJUQwJUI4JUQwJUI3JUQwJUJFJUQwJUIxJUQxJTgwJUQwJUIwJUQwJUI2JUQwJUI1JUQwJUJEJUQwJUI4JUQwJUI1Xzc0MjFiOGVhLWI1Y2MtNDc5ZC1iZDQ5LTUwODc3OGQ0YTVlYi5wbmc.webp 1200w, https:\/\/img.perfectwiki.xyz\/insecure\/aHR0cHM6Ly9zdG9yYWdlLmdvb2dsZWFwaXMuY29tL3BlcmZlY3Rfd2lraS9jMThmZTZmNy03MTRiLTQxMzItYmI1NC0zNTY0ODc3NWVkMGMvQ2FWOVIwbzVwdkdmamtpRHJ5cjUvJUQwJUI4JUQwJUI3JUQwJUJFJUQwJUIxJUQxJTgwJUQwJUIwJUQwJUI2JUQwJUI1JUQwJUJEJUQwJUI4JUQwJUI1Xzc0MjFiOGVhLWI1Y2MtNDc5ZC1iZDQ5LTUwODc3OGQ0YTVlYi5wbmc.webp 1400w\" alt=\"\u00fcr\u00fcnler \/ 2 T\u0131kla ve topla\" width=\"404\" height=\"271\"><\/h3><h5><strong>Kolay Kurulum<\/strong><\/h5><p>Sezgisel platformumuz mevcut POS sisteminizle entegre olur. K\u0131sa s\u00fcrede \u00e7al\u0131\u015fmaya ba\u015flayacaks\u0131n\u0131z &#8211; BT ba\u015f a\u011fr\u0131s\u0131 yok. <\/p><h5><strong>Sorunsuz Sipari\u015f<\/strong><\/h5><p>M\u00fc\u015fteriler web sitenizden, uygulaman\u0131zdan veya kioskunuzdan sipari\u015f verir. Her \u015fey an\u0131nda mutfa\u011f\u0131n\u0131zla senkronize olur. <\/p><h5><strong>Verimli Toplama<\/strong><\/h5><p>M\u00fc\u015fteriler yemekleri haz\u0131r oldu\u011funda bir bildirim al\u0131rlar. Sadece i\u00e7eri girerler, al\u0131rlar ve giderler. <\/p><h3 id=\"Detailed-Features-of-Click-and-Collect-2\"><strong>T\u0131kla ve topla hizmetinin detayl\u0131 \u00f6zellikleri<\/strong><\/h3><h5><strong>Sipari\u015f Y\u00f6netimi<\/strong><\/h5><p>T\u00fcm teslim alma sipari\u015flerini birle\u015fik bir panoda takip edin ve y\u00f6netin. Sipari\u015fleri zahmetsizce g\u00f6r\u00fcnt\u00fcleyin, g\u00fcncelleyin ve yerine getirin. <\/p><h5><strong>Ger\u00e7ek Zamanl\u0131 G\u00fcncellemeler<\/strong><\/h5><h3 id=\"Detailed-Features-of-Click-and-Collect-2\"><img decoding=\"async\" class=\"alignright\" style=\"font-size: 16px; margin: 8px 8px 0px;\" src=\"https:\/\/img.perfectwiki.xyz\/insecure\/resize:fit:400\/aHR0cHM6Ly9zdG9yYWdlLmdvb2dsZWFwaXMuY29tL3BlcmZlY3Rfd2lraS9jMThmZTZmNy03MTRiLTQxMzItYmI1NC0zNTY0ODc3NWVkMGMvQ2FWOVIwbzVwdkdmamtpRHJ5cjUvJUQwJUI4JUQwJUI3JUQwJUJFJUQwJUIxJUQxJTgwJUQwJUIwJUQwJUI2JUQwJUI1JUQwJUJEJUQwJUI4JUQwJUI1XzIyNjhhNTc2LTU3MzQtNDNlYS05MGU2LTQ4ODhjYWY3Mjk5Ny5wbmc.webp\" sizes=\"100vw\" srcset=\"https:\/\/img.perfectwiki.xyz\/insecure\/resize:fit:400\/aHR0cHM6Ly9zdG9yYWdlLmdvb2dsZWFwaXMuY29tL3BlcmZlY3Rfd2lraS9jMThmZTZmNy03MTRiLTQxMzItYmI1NC0zNTY0ODc3NWVkMGMvQ2FWOVIwbzVwdkdmamtpRHJ5cjUvJUQwJUI4JUQwJUI3JUQwJUJFJUQwJUIxJUQxJTgwJUQwJUIwJUQwJUI2JUQwJUI1JUQwJUJEJUQwJUI4JUQwJUI1XzIyNjhhNTc2LTU3MzQtNDNlYS05MGU2LTQ4ODhjYWY3Mjk5Ny5wbmc.webp 400w, https:\/\/img.perfectwiki.xyz\/insecure\/resize:fit:800\/aHR0cHM6Ly9zdG9yYWdlLmdvb2dsZWFwaXMuY29tL3BlcmZlY3Rfd2lraS9jMThmZTZmNy03MTRiLTQxMzItYmI1NC0zNTY0ODc3NWVkMGMvQ2FWOVIwbzVwdkdmamtpRHJ5cjUvJUQwJUI4JUQwJUI3JUQwJUJFJUQwJUIxJUQxJTgwJUQwJUIwJUQwJUI2JUQwJUI1JUQwJUJEJUQwJUI4JUQwJUI1XzIyNjhhNTc2LTU3MzQtNDNlYS05MGU2LTQ4ODhjYWY3Mjk5Ny5wbmc.webp 800w, https:\/\/img.perfectwiki.xyz\/insecure\/resize:fit:1200\/aHR0cHM6Ly9zdG9yYWdlLmdvb2dsZWFwaXMuY29tL3BlcmZlY3Rfd2lraS9jMThmZTZmNy03MTRiLTQxMzItYmI1NC0zNTY0ODc3NWVkMGMvQ2FWOVIwbzVwdkdmamtpRHJ5cjUvJUQwJUI4JUQwJUI3JUQwJUJFJUQwJUIxJUQxJTgwJUQwJUIwJUQwJUI2JUQwJUI1JUQwJUJEJUQwJUI4JUQwJUI1XzIyNjhhNTc2LTU3MzQtNDNlYS05MGU2LTQ4ODhjYWY3Mjk5Ny5wbmc.webp 1200w, https:\/\/img.perfectwiki.xyz\/insecure\/aHR0cHM6Ly9zdG9yYWdlLmdvb2dsZWFwaXMuY29tL3BlcmZlY3Rfd2lraS9jMThmZTZmNy03MTRiLTQxMzItYmI1NC0zNTY0ODc3NWVkMGMvQ2FWOVIwbzVwdkdmamtpRHJ5cjUvJUQwJUI4JUQwJUI3JUQwJUJFJUQwJUIxJUQxJTgwJUQwJUIwJUQwJUI2JUQwJUI1JUQwJUJEJUQwJUI4JUQwJUI1XzIyNjhhNTc2LTU3MzQtNDNlYS05MGU2LTQ4ODhjYWY3Mjk5Ny5wbmc.webp 1400w\" alt=\"\u00fcr\u00fcnler \/ 2 T\u0131kla ve topla\" width=\"362\" height=\"241\"><\/h3><p>Otomatik durum bildirimleri, m\u00fc\u015fterileri &#8220;haz\u0131rlan\u0131yor &#8220;dan &#8220;teslim almaya haz\u0131r &#8220;a kadar bilgilendirir.<\/p><h5><strong>\u00d6zelle\u015ftirilebilir Pikap Yuvalar\u0131<\/strong><\/h5><p>M\u00fc\u015fterilerinizin teslim alma zamanlar\u0131n\u0131 se\u00e7melerine izin verin. Sipari\u015f ak\u0131\u015f\u0131n\u0131 kontrol edin ve yo\u011fun saatlerde ya\u015fanan darbo\u011fazlar\u0131 \u00f6nleyin. <\/p><h5><strong>Entegre \u00d6deme \u00c7\u00f6z\u00fcmleri<\/strong><\/h5><p>T\u00fcm \u00f6nemli \u00f6deme t\u00fcrleri i\u00e7in destek: kartlar, mobil \u00f6demeler, \u00f6n \u00f6demeler &#8211; g\u00fcvenli bir \u015fekilde i\u015flenir.<\/p><h5><strong>Operasyonlar\u0131 basitle\u015ftirmeye ve gelirinizi art\u0131rmaya haz\u0131r m\u0131s\u0131n\u0131z?<\/strong><\/h5><p>Siz daha fazla m\u00fc\u015fteriye daha verimli bir \u015fekilde hizmet verirken, b\u0131rak\u0131n a\u011f\u0131r i\u015fleri Click and Collect yaps\u0131n.<\/p>\t\t\t\t\t\t\t\t<\/div>\n\t\t\t\t<\/div>\n\t\t\t\t<div class=\"elementor-element elementor-element-20b48f24 elementor-align-center elementor-mobile-align-center elementor-widget elementor-widget-button\" data-id=\"20b48f24\" data-element_type=\"widget\" data-e-type=\"widget\" data-widget_type=\"button.default\">\n\t\t\t\t<div class=\"elementor-widget-container\">\n\t\t\t\t\t\t\t\t\t<div class=\"elementor-button-wrapper\">\n\t\t\t\t\t<a class=\"elementor-button elementor-button-link elementor-size-sm\" href=\"https:\/\/rkeeper.us\/?page_id=256\">\n\t\t\t\t\t\t<span class=\"elementor-button-content-wrapper\">\n\t\t\t\t\t\t\t\t\t<span class=\"elementor-button-text\">Bize Ula\u015f\u0131n<\/span>\n\t\t\t\t\t<\/span>\n\t\t\t\t\t<\/a>\n\t\t\t\t<\/div>\n\t\t\t\t\t\t\t\t<\/div>\n\t\t\t\t<\/div>\n\t\t\t\t\t<\/div>\n\t\t\t\t<\/div>\n\t\t\t\t<\/div>\n\t\t","protected":false},"excerpt":{"rendered":"<p>T\u0131kla &amp; topla sistemi T\u0131kla ve Al ile Teslim Alma Sipari\u015flerinizi Kolayla\u015ft\u0131r\u0131n Daha Sorunsuz Operasyonlar i\u00e7in Sorunsuz Entegrasyon Uzun kuyruklara ve sipari\u015f karma\u015fas\u0131na elveda deyin. T\u0131kla ve Al ile siz mutfa\u011f\u0131n\u0131z\u0131 ve personelinizin i\u015f ak\u0131\u015f\u0131n\u0131 kolayla\u015ft\u0131r\u0131rken, m\u00fc\u015fterileriniz \u00f6nceden sipari\u015f verebilir ve istedikleri zaman teslim alabilirler. Kurulumu kolay, kullan\u0131m\u0131 sorunsuz ve hem sat\u0131\u015flar\u0131 hem de memnuniyeti [&hellip;]<\/p>\n","protected":false},"author":1,"featured_media":0,"parent":0,"menu_order":0,"comment_status":"closed","ping_status":"closed","template":"","meta":{"footnotes":""},"class_list":["post-2094","page","type-page","status-publish","hentry"],"_links":{"self":[{"href":"https:\/\/rkeeper.tr\/index.php?rest_route=\/wp\/v2\/pages\/2094","targetHints":{"allow":["GET"]}}],"collection":[{"href":"https:\/\/rkeeper.tr\/index.php?rest_route=\/wp\/v2\/pages"}],"about":[{"href":"https:\/\/rkeeper.tr\/index.php?rest_route=\/wp\/v2\/types\/page"}],"author":[{"embeddable":true,"href":"https:\/\/rkeeper.tr\/index.php?rest_route=\/wp\/v2\/users\/1"}],"replies":[{"embeddable":true,"href":"https:\/\/rkeeper.tr\/index.php?rest_route=%2Fwp%2Fv2%2Fcomments&post=2094"}],"version-history":[{"count":6,"href":"https:\/\/rkeeper.tr\/index.php?rest_route=\/wp\/v2\/pages\/2094\/revisions"}],"predecessor-version":[{"id":3591,"href":"https:\/\/rkeeper.tr\/index.php?rest_route=\/wp\/v2\/pages\/2094\/revisions\/3591"}],"wp:attachment":[{"href":"https:\/\/rkeeper.tr\/index.php?rest_route=%2Fwp%2Fv2%2Fmedia&parent=2094"}],"curies":[{"name":"wp","href":"https:\/\/api.w.org\/{rel}","templated":true}]}}