{"id":2488,"date":"2025-07-14T16:04:46","date_gmt":"2025-07-14T13:04:46","guid":{"rendered":"https:\/\/rkeeper.us\/?page_id=2488"},"modified":"2025-07-22T11:59:18","modified_gmt":"2025-07-22T08:59:18","slug":"arabaya-servis","status":"publish","type":"page","link":"https:\/\/rkeeper.tr\/?page_id=2488","title":{"rendered":"Arabaya servis"},"content":{"rendered":"<h3>Arabaya servis<\/h3>\n<h2 id=\"Drive-Through:-Speed-Up-Serve-More-Smile-Often-1\"><strong>Arabaya servis: H\u0131zlan\u0131n, Daha Fazla Servis Yap\u0131n, S\u0131k S\u0131k G\u00fcl\u00fcmseyin<\/strong><\/h2>\n<h3 id=\"Fast.-Frictionless.-Fully-Integrated.-2\">H\u0131zl\u0131. S\u00fcrt\u00fcnmesiz. Tam Entegre.  <\/h3>\n<p>Modern arabaya servis sadece bir pencere ve hoparl\u00f6rden ibaret de\u011fildir.<br \/>Men\u00fcn\u00fcz\u00fc, mutfa\u011f\u0131n\u0131z\u0131, \u00f6demenizi ve m\u00fc\u015fterinizi saniyeler i\u00e7inde birbirine ba\u011flayan iyi ya\u011flanm\u0131\u015f bir sistemdir.<br \/>Arabaya Servis <strong>\u00c7\u00f6z\u00fcm\u00fcm\u00fcz<\/strong> size daha fazla araca, daha h\u0131zl\u0131 ve daha az hatayla hizmet vermeniz i\u00e7in ihtiyac\u0131n\u0131z olan her \u015feyi sunar.<\/p>\n<p>Ekrandan sandvi\u00e7e kadar t\u00fcm \u015feridi d\u00fczene sokun.<\/p>\n<h3 id=\"Built-for-Speed-and-Accuracy-2\"><strong>H\u0131z ve Do\u011fruluk i\u00e7in \u00dcretildi<\/strong><\/h3>\n<p><img fetchpriority=\"high\" decoding=\"async\" style=\"margin: 8px 8px 0px;\" src=\"https:\/\/img.perfectwiki.xyz\/insecure\/resize:fit:400\/aHR0cHM6Ly9zdG9yYWdlLmdvb2dsZWFwaXMuY29tL3BlcmZlY3Rfd2lraS9jMThmZTZmNy03MTRiLTQxMzItYmI1NC0zNTY0ODc3NWVkMGMvNWhqMGlFVlkzaUtwbDRKQ1RhTGsvJUQwJUI4JUQwJUI3JUQwJUJFJUQwJUIxJUQxJTgwJUQwJUIwJUQwJUI2JUQwJUI1JUQwJUJEJUQwJUI4JUQwJUI1XzZmZWI4ZTcwLTdkYWMtNGUyMC1iMTBkLWFiYTdmOTllODczNS5wbmc.webp\" sizes=\"100vw\" srcset=\"https:\/\/img.perfectwiki.xyz\/insecure\/resize:fit:400\/aHR0cHM6Ly9zdG9yYWdlLmdvb2dsZWFwaXMuY29tL3BlcmZlY3Rfd2lraS9jMThmZTZmNy03MTRiLTQxMzItYmI1NC0zNTY0ODc3NWVkMGMvNWhqMGlFVlkzaUtwbDRKQ1RhTGsvJUQwJUI4JUQwJUI3JUQwJUJFJUQwJUIxJUQxJTgwJUQwJUIwJUQwJUI2JUQwJUI1JUQwJUJEJUQwJUI4JUQwJUI1XzZmZWI4ZTcwLTdkYWMtNGUyMC1iMTBkLWFiYTdmOTllODczNS5wbmc.webp 400w, https:\/\/img.perfectwiki.xyz\/insecure\/resize:fit:800\/aHR0cHM6Ly9zdG9yYWdlLmdvb2dsZWFwaXMuY29tL3BlcmZlY3Rfd2lraS9jMThmZTZmNy03MTRiLTQxMzItYmI1NC0zNTY0ODc3NWVkMGMvNWhqMGlFVlkzaUtwbDRKQ1RhTGsvJUQwJUI4JUQwJUI3JUQwJUJFJUQwJUIxJUQxJTgwJUQwJUIwJUQwJUI2JUQwJUI1JUQwJUJEJUQwJUI4JUQwJUI1XzZmZWI4ZTcwLTdkYWMtNGUyMC1iMTBkLWFiYTdmOTllODczNS5wbmc.webp 800w, https:\/\/img.perfectwiki.xyz\/insecure\/resize:fit:1200\/aHR0cHM6Ly9zdG9yYWdlLmdvb2dsZWFwaXMuY29tL3BlcmZlY3Rfd2lraS9jMThmZTZmNy03MTRiLTQxMzItYmI1NC0zNTY0ODc3NWVkMGMvNWhqMGlFVlkzaUtwbDRKQ1RhTGsvJUQwJUI4JUQwJUI3JUQwJUJFJUQwJUIxJUQxJTgwJUQwJUIwJUQwJUI2JUQwJUI1JUQwJUJEJUQwJUI4JUQwJUI1XzZmZWI4ZTcwLTdkYWMtNGUyMC1iMTBkLWFiYTdmOTllODczNS5wbmc.webp 1200w, https:\/\/img.perfectwiki.xyz\/insecure\/aHR0cHM6Ly9zdG9yYWdlLmdvb2dsZWFwaXMuY29tL3BlcmZlY3Rfd2lraS9jMThmZTZmNy03MTRiLTQxMzItYmI1NC0zNTY0ODc3NWVkMGMvNWhqMGlFVlkzaUtwbDRKQ1RhTGsvJUQwJUI4JUQwJUI3JUQwJUJFJUQwJUIxJUQxJTgwJUQwJUIwJUQwJUI2JUQwJUI1JUQwJUJEJUQwJUI4JUQwJUI1XzZmZWI4ZTcwLTdkYWMtNGUyMC1iMTBkLWFiYTdmOTllODczNS5wbmc.webp 1400w\" alt=\"\u00e7\u00f6z\u00fcmler \/ 8 Arabaya servis  \" width=\"325\" height=\"217\"><\/p>\n<p><strong>Temass\u0131z Sipari\u015f Panelleri<\/strong><br \/>M\u00fc\u015fterilerin arabalar\u0131ndan bile kolay bir kullan\u0131c\u0131 aray\u00fcz\u00fc ile dokunmatik ekran veya sesle sipari\u015f vermelerini sa\u011flar.<\/p>\n<p><strong>Entegre POS ve Mutfak \u0130\u015f Ak\u0131\u015f\u0131<\/strong><br \/>Sipari\u015fler an\u0131nda mutfak kuyru\u011funuzda g\u00f6r\u00fcn\u00fcr. Yeniden yazmak yok. Gecikme yok.  <\/p>\n<p><strong>H\u0131zl\u0131, Esnek \u00d6demeler<\/strong><br \/>Kart, dokunma, QR veya mobil c\u00fczdanlar\u0131 do\u011frudan pencereden kabul edin.<\/p>\n<p><strong>An\u0131nda Makbuzlar ve Sipari\u015f Geri \u00c7a\u011f\u0131rma<\/strong><br \/>H\u0131zl\u0131 yazd\u0131rma, \u00f6nceki sipari\u015fleri otomatik geri \u00e7a\u011f\u0131rma ve tam m\u00fc\u015fteri g\u00f6r\u00fcn\u00fcrl\u00fc\u011f\u00fc.<\/p>\n<p><strong>Kuyruk Y\u00f6netimi Ara\u00e7lar\u0131<\/strong><br \/>Ara\u00e7 say\u0131s\u0131n\u0131, bekleme s\u00fcrelerini takip edin ve canl\u0131 verilerle ak\u0131\u015f\u0131 optimize edin.<\/p>\n<h3 id=\"Why-It-Works-2\"><strong>Neden \u0130\u015fe Yar\u0131yor<\/strong><\/h3>\n<p><img decoding=\"async\" style=\"margin: 8px 8px 0px;\" src=\"https:\/\/img.perfectwiki.xyz\/insecure\/resize:fit:400\/aHR0cHM6Ly9zdG9yYWdlLmdvb2dsZWFwaXMuY29tL3BlcmZlY3Rfd2lraS9jMThmZTZmNy03MTRiLTQxMzItYmI1NC0zNTY0ODc3NWVkMGMvNWhqMGlFVlkzaUtwbDRKQ1RhTGsvJUQwJUI4JUQwJUI3JUQwJUJFJUQwJUIxJUQxJTgwJUQwJUIwJUQwJUI2JUQwJUI1JUQwJUJEJUQwJUI4JUQwJUI1XzkwMjgyODY5LTAwNWUtNDY4OC04MmU3LWIwM2ZkMGRmYjA4ZC5wbmc.webp\" sizes=\"100vw\" srcset=\"https:\/\/img.perfectwiki.xyz\/insecure\/resize:fit:400\/aHR0cHM6Ly9zdG9yYWdlLmdvb2dsZWFwaXMuY29tL3BlcmZlY3Rfd2lraS9jMThmZTZmNy03MTRiLTQxMzItYmI1NC0zNTY0ODc3NWVkMGMvNWhqMGlFVlkzaUtwbDRKQ1RhTGsvJUQwJUI4JUQwJUI3JUQwJUJFJUQwJUIxJUQxJTgwJUQwJUIwJUQwJUI2JUQwJUI1JUQwJUJEJUQwJUI4JUQwJUI1XzkwMjgyODY5LTAwNWUtNDY4OC04MmU3LWIwM2ZkMGRmYjA4ZC5wbmc.webp 400w, https:\/\/img.perfectwiki.xyz\/insecure\/resize:fit:800\/aHR0cHM6Ly9zdG9yYWdlLmdvb2dsZWFwaXMuY29tL3BlcmZlY3Rfd2lraS9jMThmZTZmNy03MTRiLTQxMzItYmI1NC0zNTY0ODc3NWVkMGMvNWhqMGlFVlkzaUtwbDRKQ1RhTGsvJUQwJUI4JUQwJUI3JUQwJUJFJUQwJUIxJUQxJTgwJUQwJUIwJUQwJUI2JUQwJUI1JUQwJUJEJUQwJUI4JUQwJUI1XzkwMjgyODY5LTAwNWUtNDY4OC04MmU3LWIwM2ZkMGRmYjA4ZC5wbmc.webp 800w, https:\/\/img.perfectwiki.xyz\/insecure\/resize:fit:1200\/aHR0cHM6Ly9zdG9yYWdlLmdvb2dsZWFwaXMuY29tL3BlcmZlY3Rfd2lraS9jMThmZTZmNy03MTRiLTQxMzItYmI1NC0zNTY0ODc3NWVkMGMvNWhqMGlFVlkzaUtwbDRKQ1RhTGsvJUQwJUI4JUQwJUI3JUQwJUJFJUQwJUIxJUQxJTgwJUQwJUIwJUQwJUI2JUQwJUI1JUQwJUJEJUQwJUI4JUQwJUI1XzkwMjgyODY5LTAwNWUtNDY4OC04MmU3LWIwM2ZkMGRmYjA4ZC5wbmc.webp 1200w, https:\/\/img.perfectwiki.xyz\/insecure\/aHR0cHM6Ly9zdG9yYWdlLmdvb2dsZWFwaXMuY29tL3BlcmZlY3Rfd2lraS9jMThmZTZmNy03MTRiLTQxMzItYmI1NC0zNTY0ODc3NWVkMGMvNWhqMGlFVlkzaUtwbDRKQ1RhTGsvJUQwJUI4JUQwJUI3JUQwJUJFJUQwJUIxJUQxJTgwJUQwJUIwJUQwJUI2JUQwJUI1JUQwJUJEJUQwJUI4JUQwJUI1XzkwMjgyODY5LTAwNWUtNDY4OC04MmU3LWIwM2ZkMGRmYjA4ZC5wbmc.webp 1400w\" alt=\"\u00e7\u00f6z\u00fcmler \/ 8 Arabaya servis  \" width=\"417\" height=\"278\"><\/p>\n<p>Daha K\u0131sa <strong>S\u00fcrede Daha Fazla M\u00fc\u015fteriye Hizmet Verin<\/strong><br \/>Daha h\u0131zl\u0131 sipari\u015f giri\u015fi ve mutfak i\u015flemleri, daha k\u0131sa hatlar ve daha y\u00fcksek verim anlam\u0131na gelir.<\/p>\n<p><strong>Daha Az Hata = Daha Mutlu Misafirler<\/strong><br \/>Entegre sipari\u015f, ileti\u015fimsizli\u011fi en aza indirir &#8211; sipari\u015fler her zaman do\u011frudur.<\/p>\n<p><strong>Ger\u00e7ek Zamanl\u0131 \u0130zleme<\/strong><br \/>Ortalama bekleme s\u00fcreleri, b\u0131rakmalar ve en yo\u011fun performans saatleri hakk\u0131nda canl\u0131 veriler al\u0131n.<\/p>\n<p><strong>Profesyonel Deneyim<\/strong><br \/>Konuklara modern QSR markalar\u0131ndan bekledikleri deneyimi ya\u015fat\u0131n &#8211; h\u0131zl\u0131, sorunsuz, teknolojiye a\u00e7\u0131k.<\/p>\n<p><img decoding=\"async\" src=\"https:\/\/img.perfectwiki.xyz\/insecure\/resize:fit:400\/aHR0cHM6Ly9zdG9yYWdlLmdvb2dsZWFwaXMuY29tL3BlcmZlY3Rfd2lraS9jMThmZTZmNy03MTRiLTQxMzItYmI1NC0zNTY0ODc3NWVkMGMvNWhqMGlFVlkzaUtwbDRKQ1RhTGsvJUQwJUI4JUQwJUI3JUQwJUJFJUQwJUIxJUQxJTgwJUQwJUIwJUQwJUI2JUQwJUI1JUQwJUJEJUQwJUI4JUQwJUI1Xzc0ZjZlZDk0LTIwZjUtNGYwNS1iOTI5LWEzZGM3ZDExYWRhMC5wbmc.webp\" sizes=\"100vw\" srcset=\"https:\/\/img.perfectwiki.xyz\/insecure\/resize:fit:400\/aHR0cHM6Ly9zdG9yYWdlLmdvb2dsZWFwaXMuY29tL3BlcmZlY3Rfd2lraS9jMThmZTZmNy03MTRiLTQxMzItYmI1NC0zNTY0ODc3NWVkMGMvNWhqMGlFVlkzaUtwbDRKQ1RhTGsvJUQwJUI4JUQwJUI3JUQwJUJFJUQwJUIxJUQxJTgwJUQwJUIwJUQwJUI2JUQwJUI1JUQwJUJEJUQwJUI4JUQwJUI1Xzc0ZjZlZDk0LTIwZjUtNGYwNS1iOTI5LWEzZGM3ZDExYWRhMC5wbmc.webp 400w, https:\/\/img.perfectwiki.xyz\/insecure\/resize:fit:800\/aHR0cHM6Ly9zdG9yYWdlLmdvb2dsZWFwaXMuY29tL3BlcmZlY3Rfd2lraS9jMThmZTZmNy03MTRiLTQxMzItYmI1NC0zNTY0ODc3NWVkMGMvNWhqMGlFVlkzaUtwbDRKQ1RhTGsvJUQwJUI4JUQwJUI3JUQwJUJFJUQwJUIxJUQxJTgwJUQwJUIwJUQwJUI2JUQwJUI1JUQwJUJEJUQwJUI4JUQwJUI1Xzc0ZjZlZDk0LTIwZjUtNGYwNS1iOTI5LWEzZGM3ZDExYWRhMC5wbmc.webp 800w, https:\/\/img.perfectwiki.xyz\/insecure\/resize:fit:1200\/aHR0cHM6Ly9zdG9yYWdlLmdvb2dsZWFwaXMuY29tL3BlcmZlY3Rfd2lraS9jMThmZTZmNy03MTRiLTQxMzItYmI1NC0zNTY0ODc3NWVkMGMvNWhqMGlFVlkzaUtwbDRKQ1RhTGsvJUQwJUI4JUQwJUI3JUQwJUJFJUQwJUIxJUQxJTgwJUQwJUIwJUQwJUI2JUQwJUI1JUQwJUJEJUQwJUI4JUQwJUI1Xzc0ZjZlZDk0LTIwZjUtNGYwNS1iOTI5LWEzZGM3ZDExYWRhMC5wbmc.webp 1200w, https:\/\/img.perfectwiki.xyz\/insecure\/aHR0cHM6Ly9zdG9yYWdlLmdvb2dsZWFwaXMuY29tL3BlcmZlY3Rfd2lraS9jMThmZTZmNy03MTRiLTQxMzItYmI1NC0zNTY0ODc3NWVkMGMvNWhqMGlFVlkzaUtwbDRKQ1RhTGsvJUQwJUI4JUQwJUI3JUQwJUJFJUQwJUIxJUQxJTgwJUQwJUIwJUQwJUI2JUQwJUI1JUQwJUJEJUQwJUI4JUQwJUI1Xzc0ZjZlZDk0LTIwZjUtNGYwNS1iOTI5LWEzZGM3ZDExYWRhMC5wbmc.webp 1400w\" alt=\"\u00e7\u00f6z\u00fcmler \/ 8 Arabaya servis  \" width=\"232\" height=\"349\"><\/p>\n<h3 id=\"Drive-Through-for-Every-Scale-2\"><strong>Her \u00d6l\u00e7ek i\u00e7in Drive-Through<\/strong><\/h3>\n<ul>\n<li><strong>Fast Food &amp; QSR<\/strong>: \u00d6\u011fle yeme\u011fi tela\u015f\u0131n\u0131 bir profesyonel gibi atlat\u0131n<\/li>\n<li><strong>Kahve Zincirleri<\/strong>: Sabah erken saatlerde kuyru\u011funuzu hareketli tutun<\/li>\n<li><strong>Paket Servis Restoranlar\u0131<\/strong>: Kaos olmadan daha fazla teslim alma i\u015flemini ger\u00e7ekle\u015ftirin<\/li>\n<li><strong>Otoyol Konumlar\u0131<\/strong>: Hareket halindeki yolculara yava\u015flamadan hizmet verin<\/li>\n<\/ul>\n<h2 id=\"Turn-Your-Parking-Lot-Into-a-Profit-Machine-1\"><strong>Otopark\u0131n\u0131z\u0131 Bir Kar Makinesine D\u00f6n\u00fc\u015ft\u00fcr\u00fcn<\/strong><\/h2>\n<p>Do\u011fru ara\u00e7larla, arabaya servis kolayl\u0131\u011f\u0131n \u00f6tesine ge\u00e7erek en b\u00fcy\u00fck sat\u0131\u015f kanal\u0131n\u0131z haline gelir.<\/p>\n<p>\t\t\t\t\t<a href=\"https:\/\/rkeeper.us\/?page_id=256\"><br \/>\n\t\t\t\t\t\t\t\t\tBize Ula\u015f\u0131n<br \/>\n\t\t\t\t\t<\/a><\/p>\n","protected":false},"excerpt":{"rendered":"<p>Arabaya servis Arabaya servis: H\u0131zlan\u0131n, Daha Fazla Servis Yap\u0131n, S\u0131k S\u0131k G\u00fcl\u00fcmseyin H\u0131zl\u0131. S\u00fcrt\u00fcnmesiz. Tam Entegre. Modern arabaya servis sadece bir pencere ve hoparl\u00f6rden ibaret de\u011fildir.Men\u00fcn\u00fcz\u00fc, mutfa\u011f\u0131n\u0131z\u0131, \u00f6demenizi ve m\u00fc\u015fterinizi saniyeler i\u00e7inde birbirine ba\u011flayan iyi ya\u011flanm\u0131\u015f bir sistemdir.Arabaya Servis \u00c7\u00f6z\u00fcm\u00fcm\u00fcz size daha fazla araca, daha h\u0131zl\u0131 ve daha az hatayla hizmet vermeniz i\u00e7in ihtiyac\u0131n\u0131z olan [&hellip;]<\/p>\n","protected":false},"author":1,"featured_media":0,"parent":0,"menu_order":0,"comment_status":"closed","ping_status":"closed","template":"","meta":{"footnotes":""},"class_list":["post-2488","page","type-page","status-publish","hentry"],"_links":{"self":[{"href":"https:\/\/rkeeper.tr\/index.php?rest_route=\/wp\/v2\/pages\/2488","targetHints":{"allow":["GET"]}}],"collection":[{"href":"https:\/\/rkeeper.tr\/index.php?rest_route=\/wp\/v2\/pages"}],"about":[{"href":"https:\/\/rkeeper.tr\/index.php?rest_route=\/wp\/v2\/types\/page"}],"author":[{"embeddable":true,"href":"https:\/\/rkeeper.tr\/index.php?rest_route=\/wp\/v2\/users\/1"}],"replies":[{"embeddable":true,"href":"https:\/\/rkeeper.tr\/index.php?rest_route=%2Fwp%2Fv2%2Fcomments&post=2488"}],"version-history":[{"count":5,"href":"https:\/\/rkeeper.tr\/index.php?rest_route=\/wp\/v2\/pages\/2488\/revisions"}],"predecessor-version":[{"id":3631,"href":"https:\/\/rkeeper.tr\/index.php?rest_route=\/wp\/v2\/pages\/2488\/revisions\/3631"}],"wp:attachment":[{"href":"https:\/\/rkeeper.tr\/index.php?rest_route=%2Fwp%2Fv2%2Fmedia&parent=2488"}],"curies":[{"name":"wp","href":"https:\/\/api.w.org\/{rel}","templated":true}]}}