{"id":2506,"date":"2025-07-14T15:51:29","date_gmt":"2025-07-14T12:51:29","guid":{"rendered":"https:\/\/rkeeper.us\/?page_id=2506"},"modified":"2025-07-22T12:06:31","modified_gmt":"2025-07-22T09:06:31","slug":"online-siparis","status":"publish","type":"page","link":"https:\/\/rkeeper.tr\/?page_id=2506","title":{"rendered":"Online sipari\u015f"},"content":{"rendered":"\t\t<div data-elementor-type=\"wp-page\" data-elementor-id=\"2506\" class=\"elementor elementor-2506 elementor-2220\" data-elementor-post-type=\"page\">\n\t\t\t\t<div class=\"elementor-element elementor-element-13b53120 e-flex e-con-boxed e-con e-parent\" data-id=\"13b53120\" data-element_type=\"container\" data-e-type=\"container\">\n\t\t\t\t\t<div class=\"e-con-inner\">\n\t\t\t\t<div class=\"elementor-element elementor-element-664f7414 elementor-widget elementor-widget-heading\" data-id=\"664f7414\" data-element_type=\"widget\" data-e-type=\"widget\" data-widget_type=\"heading.default\">\n\t\t\t\t<div class=\"elementor-widget-container\">\n\t\t\t\t\t<h3 class=\"elementor-heading-title elementor-size-default\">\u00c7evrimi\u00e7i sipari\u015f<\/h3>\t\t\t\t<\/div>\n\t\t\t\t<\/div>\n\t\t\t\t<div class=\"elementor-element elementor-element-63e33bf0 elementor-widget elementor-widget-text-editor\" data-id=\"63e33bf0\" data-element_type=\"widget\" data-e-type=\"widget\" data-widget_type=\"text-editor.default\">\n\t\t\t\t<div class=\"elementor-widget-container\">\n\t\t\t\t\t\t\t\t\t<h2 id=\"Online-Ordering:-Your-Restaurant-Always-Open-1\"><strong>Online Sipari\u015f: Restoran\u0131n\u0131z, Her Zaman A\u00e7\u0131k<\/strong><\/h2><h3 id=\"Turn-Clicks-Into-Orders.-Anytime-Anywhere.-2\">T\u0131klamalar\u0131 Sipari\u015flere D\u00f6n\u00fc\u015ft\u00fcr\u00fcn. Her Zaman, Her Yerde. <\/h3><p>M\u00fc\u015fterileriniz sadece birka\u00e7 dokunu\u015fla restoran\u0131n\u0131zdan sipari\u015f versin &#8211; herhangi bir cihazda.<br><strong>Online Sipari\u015f<\/strong> \u00e7\u00f6z\u00fcm\u00fcm\u00fcz men\u00fcn\u00fcz\u00fc dijital d\u00fcnyaya ba\u011flar: web siteniz, mobil uygulaman\u0131z veya QR kodunuz. Arac\u0131 yok. Komisyon kesintisi yok. Sadece do\u011frudan mutfa\u011f\u0131n\u0131za do\u011frudan sat\u0131\u015f.   <\/p><p>Duvarlar\u0131n\u0131z\u0131n \u00f6tesinde hizmet verin. M\u00fc\u015fterilerinizin oldu\u011fu yerde olun. <\/p><h3 id=\"Why-You'll-Love-It-2\"><strong>Neden Seveceksiniz<\/strong><\/h3><p><img fetchpriority=\"high\" decoding=\"async\" class=\"alignleft\" src=\"https:\/\/img.perfectwiki.xyz\/insecure\/resize:fit:400\/aHR0cHM6Ly9zdG9yYWdlLmdvb2dsZWFwaXMuY29tL3BlcmZlY3Rfd2lraS9jMThmZTZmNy03MTRiLTQxMzItYmI1NC0zNTY0ODc3NWVkMGMvRXFoakF6MGFkRjlvQ3BVRXdIVFQvJUQwJUI4JUQwJUI3JUQwJUJFJUQwJUIxJUQxJTgwJUQwJUIwJUQwJUI2JUQwJUI1JUQwJUJEJUQwJUI4JUQwJUI1XzQyZTk5NjM0LWY0YzYtNGU3My05MDhlLTI4ODBiZTIwMGU4OS5wbmc.webp\" sizes=\"100vw\" srcset=\"https:\/\/img.perfectwiki.xyz\/insecure\/resize:fit:400\/aHR0cHM6Ly9zdG9yYWdlLmdvb2dsZWFwaXMuY29tL3BlcmZlY3Rfd2lraS9jMThmZTZmNy03MTRiLTQxMzItYmI1NC0zNTY0ODc3NWVkMGMvRXFoakF6MGFkRjlvQ3BVRXdIVFQvJUQwJUI4JUQwJUI3JUQwJUJFJUQwJUIxJUQxJTgwJUQwJUIwJUQwJUI2JUQwJUI1JUQwJUJEJUQwJUI4JUQwJUI1XzQyZTk5NjM0LWY0YzYtNGU3My05MDhlLTI4ODBiZTIwMGU4OS5wbmc.webp 400w, https:\/\/img.perfectwiki.xyz\/insecure\/resize:fit:800\/aHR0cHM6Ly9zdG9yYWdlLmdvb2dsZWFwaXMuY29tL3BlcmZlY3Rfd2lraS9jMThmZTZmNy03MTRiLTQxMzItYmI1NC0zNTY0ODc3NWVkMGMvRXFoakF6MGFkRjlvQ3BVRXdIVFQvJUQwJUI4JUQwJUI3JUQwJUJFJUQwJUIxJUQxJTgwJUQwJUIwJUQwJUI2JUQwJUI1JUQwJUJEJUQwJUI4JUQwJUI1XzQyZTk5NjM0LWY0YzYtNGU3My05MDhlLTI4ODBiZTIwMGU4OS5wbmc.webp 800w, https:\/\/img.perfectwiki.xyz\/insecure\/resize:fit:1200\/aHR0cHM6Ly9zdG9yYWdlLmdvb2dsZWFwaXMuY29tL3BlcmZlY3Rfd2lraS9jMThmZTZmNy03MTRiLTQxMzItYmI1NC0zNTY0ODc3NWVkMGMvRXFoakF6MGFkRjlvQ3BVRXdIVFQvJUQwJUI4JUQwJUI3JUQwJUJFJUQwJUIxJUQxJTgwJUQwJUIwJUQwJUI2JUQwJUI1JUQwJUJEJUQwJUI4JUQwJUI1XzQyZTk5NjM0LWY0YzYtNGU3My05MDhlLTI4ODBiZTIwMGU4OS5wbmc.webp 1200w, https:\/\/img.perfectwiki.xyz\/insecure\/aHR0cHM6Ly9zdG9yYWdlLmdvb2dsZWFwaXMuY29tL3BlcmZlY3Rfd2lraS9jMThmZTZmNy03MTRiLTQxMzItYmI1NC0zNTY0ODc3NWVkMGMvRXFoakF6MGFkRjlvQ3BVRXdIVFQvJUQwJUI4JUQwJUI3JUQwJUJFJUQwJUIxJUQxJTgwJUQwJUIwJUQwJUI2JUQwJUI1JUQwJUJEJUQwJUI4JUQwJUI1XzQyZTk5NjM0LWY0YzYtNGU3My05MDhlLTI4ODBiZTIwMGU4OS5wbmc.webp 1400w\" alt=\"\u00e7\u00f6z\u00fcmler \/ 6 Online sipari\u015f\" width=\"224\" height=\"336\"><\/p><p><strong>Kullan\u0131m\u0131 Kolay, Sipari\u015fi Kolay<\/strong><br>Mobil ve masa\u00fcst\u00fc i\u00e7in tasarlanm\u0131\u015f g\u00fczel, markal\u0131 bir men\u00fc. \u0130ndirilecek uygulama yok &#8211; sadece dokunun ve sipari\u015f verin. <\/p><p><strong>G\u00fcvenli \u00d6demeler, Esnek Se\u00e7enekler<\/strong><br>Kartlar\u0131, Apple\/Google Pay&#8217;i kabul edin veya teslim al\u0131rken \u00f6deme yapmalar\u0131na izin verin. T\u00fcm i\u015flemler g\u00fcvenli ve h\u0131zl\u0131d\u0131r. <\/p><p><strong>Teslim Alma, Teslimat, Yemek &#8211; Her \u015eey Dahil<\/strong><br>Konuklar\u0131n yemeklerini nas\u0131l alacaklar\u0131n\u0131 se\u00e7melerine izin verin: teslim al\u0131n, yiyin veya teslim edin.<\/p><p><strong>Tam Entegre<\/strong><br>Sipari\u015fler do\u011frudan POS&#8217;unuza veya mutfa\u011f\u0131n\u0131za akar &#8211; ekstra ekranlar yok, ka\u00e7\u0131r\u0131lan biletler yok.<\/p><p><strong>Sat\u0131\u015f Analizleri ve M\u00fc\u015fteri Verileri<\/strong><br>\u0130nsanlar\u0131n neyi, ne zaman ve ne s\u0131kl\u0131kla sipari\u015f etti\u011fini takip edin. Tekliflerinizi geli\u015ftirmek ve daha iyi hedefleme yapmak i\u00e7in kullan\u0131n. <\/p><h3 id=\"Key-Features-2\"><strong>Temel \u00d6zellikler<\/strong><\/h3><ul><li>Kategoriler ve de\u011fi\u015ftiriciler ile \u00f6zelle\u015ftirilebilir dijital men\u00fc<\/li><li>Foto\u011fraflar, alerjenler, kombinasyonlar &#8211; misafirlerinizin karar vermesi gereken her \u015feyi ekleyin<\/li><li>Ba\u011flant\u0131, QR kodu veya web sitenize yerle\u015ftirme yoluyla payla\u015f\u0131n<\/li><li>Promosyon kodlar\u0131n\u0131, sadakati ve \u00fcst sat\u0131\u015flar\u0131 destekler<\/li><li>Men\u00fc ve stok durumu i\u00e7in ger\u00e7ek zamanl\u0131 g\u00fcncellemeler<\/li><li><p>Uluslararas\u0131 m\u00fc\u015fteriler i\u00e7in \u00e7ok dilli destek<\/p><figure class=\"image image_resized\"><img decoding=\"async\" class=\"alignright\" src=\"https:\/\/img.perfectwiki.xyz\/insecure\/resize:fit:400\/aHR0cHM6Ly9zdG9yYWdlLmdvb2dsZWFwaXMuY29tL3BlcmZlY3Rfd2lraS9jMThmZTZmNy03MTRiLTQxMzItYmI1NC0zNTY0ODc3NWVkMGMvRXFoakF6MGFkRjlvQ3BVRXdIVFQvJUQwJUI4JUQwJUI3JUQwJUJFJUQwJUIxJUQxJTgwJUQwJUIwJUQwJUI2JUQwJUI1JUQwJUJEJUQwJUI4JUQwJUI1XzVkNzgwNjA4LTY0OTctNDNkYi1iMmViLTkzNDFkNzYyNzVjMS5wbmc.webp\" sizes=\"100vw\" srcset=\"https:\/\/img.perfectwiki.xyz\/insecure\/resize:fit:400\/aHR0cHM6Ly9zdG9yYWdlLmdvb2dsZWFwaXMuY29tL3BlcmZlY3Rfd2lraS9jMThmZTZmNy03MTRiLTQxMzItYmI1NC0zNTY0ODc3NWVkMGMvRXFoakF6MGFkRjlvQ3BVRXdIVFQvJUQwJUI4JUQwJUI3JUQwJUJFJUQwJUIxJUQxJTgwJUQwJUIwJUQwJUI2JUQwJUI1JUQwJUJEJUQwJUI4JUQwJUI1XzVkNzgwNjA4LTY0OTctNDNkYi1iMmViLTkzNDFkNzYyNzVjMS5wbmc.webp 400w, https:\/\/img.perfectwiki.xyz\/insecure\/resize:fit:800\/aHR0cHM6Ly9zdG9yYWdlLmdvb2dsZWFwaXMuY29tL3BlcmZlY3Rfd2lraS9jMThmZTZmNy03MTRiLTQxMzItYmI1NC0zNTY0ODc3NWVkMGMvRXFoakF6MGFkRjlvQ3BVRXdIVFQvJUQwJUI4JUQwJUI3JUQwJUJFJUQwJUIxJUQxJTgwJUQwJUIwJUQwJUI2JUQwJUI1JUQwJUJEJUQwJUI4JUQwJUI1XzVkNzgwNjA4LTY0OTctNDNkYi1iMmViLTkzNDFkNzYyNzVjMS5wbmc.webp 800w, https:\/\/img.perfectwiki.xyz\/insecure\/resize:fit:1200\/aHR0cHM6Ly9zdG9yYWdlLmdvb2dsZWFwaXMuY29tL3BlcmZlY3Rfd2lraS9jMThmZTZmNy03MTRiLTQxMzItYmI1NC0zNTY0ODc3NWVkMGMvRXFoakF6MGFkRjlvQ3BVRXdIVFQvJUQwJUI4JUQwJUI3JUQwJUJFJUQwJUIxJUQxJTgwJUQwJUIwJUQwJUI2JUQwJUI1JUQwJUJEJUQwJUI4JUQwJUI1XzVkNzgwNjA4LTY0OTctNDNkYi1iMmViLTkzNDFkNzYyNzVjMS5wbmc.webp 1200w, https:\/\/img.perfectwiki.xyz\/insecure\/aHR0cHM6Ly9zdG9yYWdlLmdvb2dsZWFwaXMuY29tL3BlcmZlY3Rfd2lraS9jMThmZTZmNy03MTRiLTQxMzItYmI1NC0zNTY0ODc3NWVkMGMvRXFoakF6MGFkRjlvQ3BVRXdIVFQvJUQwJUI4JUQwJUI3JUQwJUJFJUQwJUIxJUQxJTgwJUQwJUIwJUQwJUI2JUQwJUI1JUQwJUJEJUQwJUI4JUQwJUI1XzVkNzgwNjA4LTY0OTctNDNkYi1iMmViLTkzNDFkNzYyNzVjMS5wbmc.webp 1400w\" alt=\"\u00e7\u00f6z\u00fcmler \/ 6 Online sipari\u015f\" width=\"230\" height=\"347\"><\/figure><\/li><\/ul><h3 id=\"Who-Is-It-For-2\"><strong>Kimin i\u00e7in?<\/strong><\/h3><p><strong>Fast Food<\/strong> &#8211; H\u0131zl\u0131 sipari\u015f, daha az kuyruk<br><strong>Paket Servis ve Teslimat<\/strong> &#8211; Kolay m\u00fc\u015fteri ak\u0131\u015f\u0131, daha iyi zamanlama<br> Kafeler<strong>ve F\u0131r\u0131nlar<\/strong> &#8211; Al\u0131mlar\u0131 planlay\u0131n, kuyruklar\u0131 \u00f6nleyin<br><strong>Restoranlar<\/strong> &#8211; QR masa sipari\u015fi, s\u0131f\u0131r personel ihtiyac\u0131  <\/p><h2 id=\"Own-the-Customer-Experience-1\"><strong>M\u00fc\u015fteri Deneyimini Sahiplenin<\/strong><\/h2><p>\u0130li\u015fkinizi \u00fc\u00e7\u00fcnc\u00fc taraf uygulamalara kiralamay\u0131n.<br>Do\u011frudan \u00e7evrimi\u00e7i sipari\u015f ile kontrol sizde kal\u0131r ve sat\u0131\u015f\u0131n %100&#8217;\u00fcn\u00fc elinizde tutars\u0131n\u0131z.<\/p>\t\t\t\t\t\t\t\t<\/div>\n\t\t\t\t<\/div>\n\t\t\t\t<div class=\"elementor-element elementor-element-419a0f07 elementor-align-center elementor-mobile-align-center elementor-widget elementor-widget-button\" data-id=\"419a0f07\" data-element_type=\"widget\" data-e-type=\"widget\" data-widget_type=\"button.default\">\n\t\t\t\t<div class=\"elementor-widget-container\">\n\t\t\t\t\t\t\t\t\t<div class=\"elementor-button-wrapper\">\n\t\t\t\t\t<a class=\"elementor-button elementor-button-link elementor-size-sm\" href=\"https:\/\/rkeeper.us\/?page_id=256\">\n\t\t\t\t\t\t<span class=\"elementor-button-content-wrapper\">\n\t\t\t\t\t\t\t\t\t<span class=\"elementor-button-text\">Bize Ula\u015f\u0131n<\/span>\n\t\t\t\t\t<\/span>\n\t\t\t\t\t<\/a>\n\t\t\t\t<\/div>\n\t\t\t\t\t\t\t\t<\/div>\n\t\t\t\t<\/div>\n\t\t\t\t\t<\/div>\n\t\t\t\t<\/div>\n\t\t\t\t<\/div>\n\t\t","protected":false},"excerpt":{"rendered":"<p>\u00c7evrimi\u00e7i sipari\u015f Online Sipari\u015f: Restoran\u0131n\u0131z, Her Zaman A\u00e7\u0131k T\u0131klamalar\u0131 Sipari\u015flere D\u00f6n\u00fc\u015ft\u00fcr\u00fcn. Her Zaman, Her Yerde. M\u00fc\u015fterileriniz sadece birka\u00e7 dokunu\u015fla restoran\u0131n\u0131zdan sipari\u015f versin &#8211; herhangi bir cihazda.Online Sipari\u015f \u00e7\u00f6z\u00fcm\u00fcm\u00fcz men\u00fcn\u00fcz\u00fc dijital d\u00fcnyaya ba\u011flar: web siteniz, mobil uygulaman\u0131z veya QR kodunuz. Arac\u0131 yok. Komisyon kesintisi yok. Sadece do\u011frudan mutfa\u011f\u0131n\u0131za do\u011frudan sat\u0131\u015f. Duvarlar\u0131n\u0131z\u0131n \u00f6tesinde hizmet verin. M\u00fc\u015fterilerinizin oldu\u011fu [&hellip;]<\/p>\n","protected":false},"author":1,"featured_media":0,"parent":0,"menu_order":0,"comment_status":"closed","ping_status":"closed","template":"","meta":{"footnotes":""},"class_list":["post-2506","page","type-page","status-publish","hentry"],"_links":{"self":[{"href":"https:\/\/rkeeper.tr\/index.php?rest_route=\/wp\/v2\/pages\/2506","targetHints":{"allow":["GET"]}}],"collection":[{"href":"https:\/\/rkeeper.tr\/index.php?rest_route=\/wp\/v2\/pages"}],"about":[{"href":"https:\/\/rkeeper.tr\/index.php?rest_route=\/wp\/v2\/types\/page"}],"author":[{"embeddable":true,"href":"https:\/\/rkeeper.tr\/index.php?rest_route=\/wp\/v2\/users\/1"}],"replies":[{"embeddable":true,"href":"https:\/\/rkeeper.tr\/index.php?rest_route=%2Fwp%2Fv2%2Fcomments&post=2506"}],"version-history":[{"count":5,"href":"https:\/\/rkeeper.tr\/index.php?rest_route=\/wp\/v2\/pages\/2506\/revisions"}],"predecessor-version":[{"id":3687,"href":"https:\/\/rkeeper.tr\/index.php?rest_route=\/wp\/v2\/pages\/2506\/revisions\/3687"}],"wp:attachment":[{"href":"https:\/\/rkeeper.tr\/index.php?rest_route=%2Fwp%2Fv2%2Fmedia&parent=2506"}],"curies":[{"name":"wp","href":"https:\/\/api.w.org\/{rel}","templated":true}]}}