{"id":2656,"date":"2025-07-14T16:00:09","date_gmt":"2025-07-14T13:00:09","guid":{"rendered":"https:\/\/rkeeper.us\/?page_id=2656"},"modified":"2025-07-22T11:56:37","modified_gmt":"2025-07-22T08:56:37","slug":"teslimat-entegrasyonlari","status":"publish","type":"page","link":"https:\/\/rkeeper.tr\/?page_id=2656","title":{"rendered":"Teslimat entegrasyonlar\u0131"},"content":{"rendered":"\t\t<div data-elementor-type=\"wp-page\" data-elementor-id=\"2656\" class=\"elementor elementor-2656 elementor-2241\" data-elementor-post-type=\"page\">\n\t\t\t\t<div class=\"elementor-element elementor-element-5149bce6 e-flex e-con-boxed e-con e-parent\" data-id=\"5149bce6\" data-element_type=\"container\" data-e-type=\"container\">\n\t\t\t\t\t<div class=\"e-con-inner\">\n\t\t\t\t<div class=\"elementor-element elementor-element-1d049450 elementor-widget elementor-widget-heading\" data-id=\"1d049450\" data-element_type=\"widget\" data-e-type=\"widget\" data-widget_type=\"heading.default\">\n\t\t\t\t<div class=\"elementor-widget-container\">\n\t\t\t\t\t<h3 class=\"elementor-heading-title elementor-size-default\">Teslimat entegrasyonlar\u0131<\/h3>\t\t\t\t<\/div>\n\t\t\t\t<\/div>\n\t\t\t\t<div class=\"elementor-element elementor-element-670cb37d elementor-widget elementor-widget-text-editor\" data-id=\"670cb37d\" data-element_type=\"widget\" data-e-type=\"widget\" data-widget_type=\"text-editor.default\">\n\t\t\t\t<div class=\"elementor-widget-container\">\n\t\t\t\t\t\t\t\t\t<h3 id=\"Connect-with-the-World's-Top-Delivery-Platforms-All-in-One-Place-2\">D\u00fcnyan\u0131n En \u0130yi Teslimat Platformlar\u0131yla Ba\u011flant\u0131 Kurun &#8211; Hepsi Tek Bir Yerde<\/h3><p>Tek bir sistemi y\u00f6netmek varken neden be\u015f tableti y\u00f6netesiniz?<br><strong>Teslimat Entegrasyonlar\u0131m\u0131z<\/strong>, t\u00fcm \u00f6nemli teslimat uygulamalar\u0131n\u0131 tek ve sorunsuz bir aray\u00fczde bir araya getirir. Sipari\u015fler do\u011frudan POS&#8217;unuza veya mutfak ekran\u0131n\u0131za gider &#8211; \u00e7ift giri\u015f yok, gecikme yok, stres yok. <\/p><p>Glovo. Wolt. Uber Eats. Bolt Food. Foodpanda. Just Eat. Zomato. Deliveroo. Daha ne olsun? \ud83d\ude42<br>Hepsi tamamen entegre. Hepsi kontrol alt\u0131nda. <\/p><h3 id=\"Why-Delivery-Integration-2\"><strong>Neden Teslimat Entegrasyonu?<\/strong><\/h3><p><img fetchpriority=\"high\" decoding=\"async\" class=\"alignright\" src=\"https:\/\/img.perfectwiki.xyz\/insecure\/resize:fit:400\/aHR0cHM6Ly9zdG9yYWdlLmdvb2dsZWFwaXMuY29tL3BlcmZlY3Rfd2lraS9jMThmZTZmNy03MTRiLTQxMzItYmI1NC0zNTY0ODc3NWVkMGMvd2Ywbms2SEgxS1M5NnJJZVU1bkcvJUQwJUI4JUQwJUI3JUQwJUJFJUQwJUIxJUQxJTgwJUQwJUIwJUQwJUI2JUQwJUI1JUQwJUJEJUQwJUI4JUQwJUI1XzIwOTIxZjFlLTg3MjItNDhiNC1iZWMwLTIyOGJjN2QwZDE5MS5wbmc.webp\" sizes=\"100vw\" srcset=\"https:\/\/img.perfectwiki.xyz\/insecure\/resize:fit:400\/aHR0cHM6Ly9zdG9yYWdlLmdvb2dsZWFwaXMuY29tL3BlcmZlY3Rfd2lraS9jMThmZTZmNy03MTRiLTQxMzItYmI1NC0zNTY0ODc3NWVkMGMvd2Ywbms2SEgxS1M5NnJJZVU1bkcvJUQwJUI4JUQwJUI3JUQwJUJFJUQwJUIxJUQxJTgwJUQwJUIwJUQwJUI2JUQwJUI1JUQwJUJEJUQwJUI4JUQwJUI1XzIwOTIxZjFlLTg3MjItNDhiNC1iZWMwLTIyOGJjN2QwZDE5MS5wbmc.webp 400w, https:\/\/img.perfectwiki.xyz\/insecure\/resize:fit:800\/aHR0cHM6Ly9zdG9yYWdlLmdvb2dsZWFwaXMuY29tL3BlcmZlY3Rfd2lraS9jMThmZTZmNy03MTRiLTQxMzItYmI1NC0zNTY0ODc3NWVkMGMvd2Ywbms2SEgxS1M5NnJJZVU1bkcvJUQwJUI4JUQwJUI3JUQwJUJFJUQwJUIxJUQxJTgwJUQwJUIwJUQwJUI2JUQwJUI1JUQwJUJEJUQwJUI4JUQwJUI1XzIwOTIxZjFlLTg3MjItNDhiNC1iZWMwLTIyOGJjN2QwZDE5MS5wbmc.webp 800w, https:\/\/img.perfectwiki.xyz\/insecure\/resize:fit:1200\/aHR0cHM6Ly9zdG9yYWdlLmdvb2dsZWFwaXMuY29tL3BlcmZlY3Rfd2lraS9jMThmZTZmNy03MTRiLTQxMzItYmI1NC0zNTY0ODc3NWVkMGMvd2Ywbms2SEgxS1M5NnJJZVU1bkcvJUQwJUI4JUQwJUI3JUQwJUJFJUQwJUIxJUQxJTgwJUQwJUIwJUQwJUI2JUQwJUI1JUQwJUJEJUQwJUI4JUQwJUI1XzIwOTIxZjFlLTg3MjItNDhiNC1iZWMwLTIyOGJjN2QwZDE5MS5wbmc.webp 1200w, https:\/\/img.perfectwiki.xyz\/insecure\/aHR0cHM6Ly9zdG9yYWdlLmdvb2dsZWFwaXMuY29tL3BlcmZlY3Rfd2lraS9jMThmZTZmNy03MTRiLTQxMzItYmI1NC0zNTY0ODc3NWVkMGMvd2Ywbms2SEgxS1M5NnJJZVU1bkcvJUQwJUI4JUQwJUI3JUQwJUJFJUQwJUIxJUQxJTgwJUQwJUIwJUQwJUI2JUQwJUI1JUQwJUJEJUQwJUI4JUQwJUI1XzIwOTIxZjFlLTg3MjItNDhiNC1iZWMwLTIyOGJjN2QwZDE5MS5wbmc.webp 1400w\" alt=\"\u00e7\u00f6z\u00fcmler \/ 7 Teslimat entegrasyonlar\u0131\" width=\"229\" height=\"230\"><\/p><p><strong>Merkezi Sipari\u015f Y\u00f6netimi<\/strong><br>T\u00fcm teslimat sipari\u015flerini tek bir yerden al\u0131n &#8211; do\u011frudan POS&#8217;unuza veya mutfak ekran\u0131n\u0131za.<\/p><p><strong>Manuel Giri\u015f<\/strong> Yok<br>Art\u0131k birden fazla tabletten sipari\u015f yazan personel yok. Her \u015fey otomatik olarak akar. <\/p><p><strong>Daha Az Hata<\/strong><br>Otomatik veri giri\u015fi = daha az hata = daha mutlu m\u00fc\u015fteriler.<\/p><p><strong>Ger\u00e7ek Zamanl\u0131 Men\u00fc Senkronizasyonu<\/strong><br>\u00d6\u011feleri veya fiyatlar\u0131 bir kez de\u011fi\u015ftirin &#8211; g\u00fcncellemeler t\u00fcm platformlarda canl\u0131 olarak yay\u0131nlan\u0131r.<\/p><p><strong>Kaos Olmadan Sat\u0131\u015flar\u0131 Ar<\/strong>t\u0131r\u0131n<br>Yeni m\u00fc\u015fterilerle ba\u011flant\u0131 kurun, daha fazla sipari\u015f i\u015fleyin ve kontrol tamamen sizde olsun.<\/p><p><img decoding=\"async\" class=\"alignright\" style=\"margin: 8px 8px 0px;\" src=\"https:\/\/img.perfectwiki.xyz\/insecure\/resize:fit:400\/aHR0cHM6Ly9zdG9yYWdlLmdvb2dsZWFwaXMuY29tL3BlcmZlY3Rfd2lraS9jMThmZTZmNy03MTRiLTQxMzItYmI1NC0zNTY0ODc3NWVkMGMvd2Ywbms2SEgxS1M5NnJJZVU1bkcvJUQwJUI4JUQwJUI3JUQwJUJFJUQwJUIxJUQxJTgwJUQwJUIwJUQwJUI2JUQwJUI1JUQwJUJEJUQwJUI4JUQwJUI1X2E1ZmI3OWUyLThkMDMtNDg2Ny04MzM3LTcwMzQ0ZDNjNTg3NS5wbmc.webp\" sizes=\"100vw\" srcset=\"https:\/\/img.perfectwiki.xyz\/insecure\/resize:fit:400\/aHR0cHM6Ly9zdG9yYWdlLmdvb2dsZWFwaXMuY29tL3BlcmZlY3Rfd2lraS9jMThmZTZmNy03MTRiLTQxMzItYmI1NC0zNTY0ODc3NWVkMGMvd2Ywbms2SEgxS1M5NnJJZVU1bkcvJUQwJUI4JUQwJUI3JUQwJUJFJUQwJUIxJUQxJTgwJUQwJUIwJUQwJUI2JUQwJUI1JUQwJUJEJUQwJUI4JUQwJUI1X2E1ZmI3OWUyLThkMDMtNDg2Ny04MzM3LTcwMzQ0ZDNjNTg3NS5wbmc.webp 400w, https:\/\/img.perfectwiki.xyz\/insecure\/resize:fit:800\/aHR0cHM6Ly9zdG9yYWdlLmdvb2dsZWFwaXMuY29tL3BlcmZlY3Rfd2lraS9jMThmZTZmNy03MTRiLTQxMzItYmI1NC0zNTY0ODc3NWVkMGMvd2Ywbms2SEgxS1M5NnJJZVU1bkcvJUQwJUI4JUQwJUI3JUQwJUJFJUQwJUIxJUQxJTgwJUQwJUIwJUQwJUI2JUQwJUI1JUQwJUJEJUQwJUI4JUQwJUI1X2E1ZmI3OWUyLThkMDMtNDg2Ny04MzM3LTcwMzQ0ZDNjNTg3NS5wbmc.webp 800w, https:\/\/img.perfectwiki.xyz\/insecure\/resize:fit:1200\/aHR0cHM6Ly9zdG9yYWdlLmdvb2dsZWFwaXMuY29tL3BlcmZlY3Rfd2lraS9jMThmZTZmNy03MTRiLTQxMzItYmI1NC0zNTY0ODc3NWVkMGMvd2Ywbms2SEgxS1M5NnJJZVU1bkcvJUQwJUI4JUQwJUI3JUQwJUJFJUQwJUIxJUQxJTgwJUQwJUIwJUQwJUI2JUQwJUI1JUQwJUJEJUQwJUI4JUQwJUI1X2E1ZmI3OWUyLThkMDMtNDg2Ny04MzM3LTcwMzQ0ZDNjNTg3NS5wbmc.webp 1200w, https:\/\/img.perfectwiki.xyz\/insecure\/aHR0cHM6Ly9zdG9yYWdlLmdvb2dsZWFwaXMuY29tL3BlcmZlY3Rfd2lraS9jMThmZTZmNy03MTRiLTQxMzItYmI1NC0zNTY0ODc3NWVkMGMvd2Ywbms2SEgxS1M5NnJJZVU1bkcvJUQwJUI4JUQwJUI3JUQwJUJFJUQwJUIxJUQxJTgwJUQwJUIwJUQwJUI2JUQwJUI1JUQwJUJEJUQwJUI4JUQwJUI1X2E1ZmI3OWUyLThkMDMtNDg2Ny04MzM3LTcwMzQ0ZDNjNTg3NS5wbmc.webp 1400w\" alt=\"\u00e7\u00f6z\u00fcmler \/ 7 Teslimat entegrasyonlar\u0131\" width=\"236\" height=\"237\"><\/p><h3 id=\"Supported-Platforms-2\"><strong>Desteklenen Platformlar<\/strong><\/h3><p>\u2705 Wolt<br>\u2705 Uber Eats<br>\u2705 Glovo<br>\u2705 Bolt Food<br>\u2705 Foodpanda<br>\u2705 Deliveroo<br>\u2705 Just Eat<br>\u2705 Zomato<br>&#8230;ve daha fazlas\u0131<\/p><h3 id=\"What-You-Get-2\"><strong>Ne Alacaks\u0131n\u0131z<\/strong><\/h3><p><img decoding=\"async\" class=\"alignright\" src=\"https:\/\/img.perfectwiki.xyz\/insecure\/resize:fit:400\/aHR0cHM6Ly9zdG9yYWdlLmdvb2dsZWFwaXMuY29tL3BlcmZlY3Rfd2lraS9jMThmZTZmNy03MTRiLTQxMzItYmI1NC0zNTY0ODc3NWVkMGMvd2Ywbms2SEgxS1M5NnJJZVU1bkcvJUQwJUI4JUQwJUI3JUQwJUJFJUQwJUIxJUQxJTgwJUQwJUIwJUQwJUI2JUQwJUI1JUQwJUJEJUQwJUI4JUQwJUI1XzkxZTM2ZTY0LTgwNDQtNGQ1Yy1hNzI1LWM0OTJhYzRhZjdlNS5wbmc.webp\" sizes=\"100vw\" srcset=\"https:\/\/img.perfectwiki.xyz\/insecure\/resize:fit:400\/aHR0cHM6Ly9zdG9yYWdlLmdvb2dsZWFwaXMuY29tL3BlcmZlY3Rfd2lraS9jMThmZTZmNy03MTRiLTQxMzItYmI1NC0zNTY0ODc3NWVkMGMvd2Ywbms2SEgxS1M5NnJJZVU1bkcvJUQwJUI4JUQwJUI3JUQwJUJFJUQwJUIxJUQxJTgwJUQwJUIwJUQwJUI2JUQwJUI1JUQwJUJEJUQwJUI4JUQwJUI1XzkxZTM2ZTY0LTgwNDQtNGQ1Yy1hNzI1LWM0OTJhYzRhZjdlNS5wbmc.webp 400w, https:\/\/img.perfectwiki.xyz\/insecure\/resize:fit:800\/aHR0cHM6Ly9zdG9yYWdlLmdvb2dsZWFwaXMuY29tL3BlcmZlY3Rfd2lraS9jMThmZTZmNy03MTRiLTQxMzItYmI1NC0zNTY0ODc3NWVkMGMvd2Ywbms2SEgxS1M5NnJJZVU1bkcvJUQwJUI4JUQwJUI3JUQwJUJFJUQwJUIxJUQxJTgwJUQwJUIwJUQwJUI2JUQwJUI1JUQwJUJEJUQwJUI4JUQwJUI1XzkxZTM2ZTY0LTgwNDQtNGQ1Yy1hNzI1LWM0OTJhYzRhZjdlNS5wbmc.webp 800w, https:\/\/img.perfectwiki.xyz\/insecure\/resize:fit:1200\/aHR0cHM6Ly9zdG9yYWdlLmdvb2dsZWFwaXMuY29tL3BlcmZlY3Rfd2lraS9jMThmZTZmNy03MTRiLTQxMzItYmI1NC0zNTY0ODc3NWVkMGMvd2Ywbms2SEgxS1M5NnJJZVU1bkcvJUQwJUI4JUQwJUI3JUQwJUJFJUQwJUIxJUQxJTgwJUQwJUIwJUQwJUI2JUQwJUI1JUQwJUJEJUQwJUI4JUQwJUI1XzkxZTM2ZTY0LTgwNDQtNGQ1Yy1hNzI1LWM0OTJhYzRhZjdlNS5wbmc.webp 1200w, https:\/\/img.perfectwiki.xyz\/insecure\/aHR0cHM6Ly9zdG9yYWdlLmdvb2dsZWFwaXMuY29tL3BlcmZlY3Rfd2lraS9jMThmZTZmNy03MTRiLTQxMzItYmI1NC0zNTY0ODc3NWVkMGMvd2Ywbms2SEgxS1M5NnJJZVU1bkcvJUQwJUI4JUQwJUI3JUQwJUJFJUQwJUIxJUQxJTgwJUQwJUIwJUQwJUI2JUQwJUI1JUQwJUJEJUQwJUI4JUQwJUI1XzkxZTM2ZTY0LTgwNDQtNGQ1Yy1hNzI1LWM0OTJhYzRhZjdlNS5wbmc.webp 1400w\" alt=\"\u00e7\u00f6z\u00fcmler \/ 7 Teslimat entegrasyonlar\u0131\" width=\"265\" height=\"396\"><\/p><ul><li>T\u00fcm teslimat uygulamalar\u0131nda konsolide sat\u0131\u015f raporlar\u0131<\/li><li>Ger\u00e7ek zamanl\u0131 sipari\u015f g\u00f6r\u00fcn\u00fcrl\u00fc\u011f\u00fc ile daha iyi mutfak planlamas\u0131<\/li><li>\u0130nsan hatalar\u0131n\u0131n ve gecikmelerin azalt\u0131lmas\u0131<\/li><li>Sipari\u015fler POS&#8217;unuza akar &#8211; ekran de\u011fi\u015ftirmek yok<\/li><li>K\u00fcresel kitleler i\u00e7in \u00e7ok dilli destek<\/li><li>Daha fazla sipari\u015f, daha az ba\u015f a\u011fr\u0131s\u0131<\/li><\/ul><h3 id=\"For-Chains-and-Single-Venues-Alike-2\"><strong>Zincirler ve Tek Mekanlar \u0130\u00e7in<\/strong><\/h3><p>\u0130ster tek bir hamburgerci i\u015fletin ister 200 su\u015fi sat\u0131\u015f noktas\u0131 &#8211; bu \u00e7\u00f6z\u00fcm sizinle birlikte \u00f6l\u00e7eklenir.<br>Birden fazla \u015fube mi? Hi\u00e7 sorun de\u011fil. Lokasyona g\u00f6re kurulum yapman\u0131za ve her \u015feyi tek bir ak\u0131ll\u0131 arka ofise ba\u011flaman\u0131za yard\u0131mc\u0131 olaca\u011f\u0131z.  <\/p><h2 id=\"Work-Smarter.-Deliver-Faster.-Grow-Bigger.-1\"><strong>Daha Ak\u0131ll\u0131 \u00c7al\u0131\u015f\u0131n. Daha H\u0131zl\u0131 Teslim Edin. Daha B\u00fcy\u00fck B\u00fcy\u00fcy\u00fcn.  <\/strong><\/h2><p>\u0130\u015f y\u00fck\u00fcn\u00fcz\u00fc art\u0131rmadan teslimat\u0131 stratejik bir gelir ak\u0131\u015f\u0131na d\u00f6n\u00fc\u015ft\u00fcr\u00fcn.<\/p>\t\t\t\t\t\t\t\t<\/div>\n\t\t\t\t<\/div>\n\t\t\t\t<div class=\"elementor-element elementor-element-6e90363b elementor-align-center elementor-mobile-align-center elementor-widget elementor-widget-button\" data-id=\"6e90363b\" data-element_type=\"widget\" data-e-type=\"widget\" data-widget_type=\"button.default\">\n\t\t\t\t<div class=\"elementor-widget-container\">\n\t\t\t\t\t\t\t\t\t<div class=\"elementor-button-wrapper\">\n\t\t\t\t\t<a class=\"elementor-button elementor-button-link elementor-size-sm\" href=\"https:\/\/rkeeper.us\/?page_id=256\">\n\t\t\t\t\t\t<span class=\"elementor-button-content-wrapper\">\n\t\t\t\t\t\t\t\t\t<span class=\"elementor-button-text\">Bize Ula\u015f\u0131n<\/span>\n\t\t\t\t\t<\/span>\n\t\t\t\t\t<\/a>\n\t\t\t\t<\/div>\n\t\t\t\t\t\t\t\t<\/div>\n\t\t\t\t<\/div>\n\t\t\t\t\t<\/div>\n\t\t\t\t<\/div>\n\t\t\t\t<\/div>\n\t\t","protected":false},"excerpt":{"rendered":"<p>Teslimat entegrasyonlar\u0131 D\u00fcnyan\u0131n En \u0130yi Teslimat Platformlar\u0131yla Ba\u011flant\u0131 Kurun &#8211; Hepsi Tek Bir Yerde Tek bir sistemi y\u00f6netmek varken neden be\u015f tableti y\u00f6netesiniz?Teslimat Entegrasyonlar\u0131m\u0131z, t\u00fcm \u00f6nemli teslimat uygulamalar\u0131n\u0131 tek ve sorunsuz bir aray\u00fczde bir araya getirir. Sipari\u015fler do\u011frudan POS&#8217;unuza veya mutfak ekran\u0131n\u0131za gider &#8211; \u00e7ift giri\u015f yok, gecikme yok, stres yok. Glovo. Wolt. Uber Eats. [&hellip;]<\/p>\n","protected":false},"author":1,"featured_media":0,"parent":0,"menu_order":0,"comment_status":"closed","ping_status":"closed","template":"","meta":{"footnotes":""},"class_list":["post-2656","page","type-page","status-publish","hentry"],"_links":{"self":[{"href":"https:\/\/rkeeper.tr\/index.php?rest_route=\/wp\/v2\/pages\/2656","targetHints":{"allow":["GET"]}}],"collection":[{"href":"https:\/\/rkeeper.tr\/index.php?rest_route=\/wp\/v2\/pages"}],"about":[{"href":"https:\/\/rkeeper.tr\/index.php?rest_route=\/wp\/v2\/types\/page"}],"author":[{"embeddable":true,"href":"https:\/\/rkeeper.tr\/index.php?rest_route=\/wp\/v2\/users\/1"}],"replies":[{"embeddable":true,"href":"https:\/\/rkeeper.tr\/index.php?rest_route=%2Fwp%2Fv2%2Fcomments&post=2656"}],"version-history":[{"count":5,"href":"https:\/\/rkeeper.tr\/index.php?rest_route=\/wp\/v2\/pages\/2656\/revisions"}],"predecessor-version":[{"id":3610,"href":"https:\/\/rkeeper.tr\/index.php?rest_route=\/wp\/v2\/pages\/2656\/revisions\/3610"}],"wp:attachment":[{"href":"https:\/\/rkeeper.tr\/index.php?rest_route=%2Fwp%2Fv2%2Fmedia&parent=2656"}],"curies":[{"name":"wp","href":"https:\/\/api.w.org\/{rel}","templated":true}]}}